{"id":1147,"date":"2019-11-27T22:44:30","date_gmt":"2019-11-27T21:44:30","guid":{"rendered":"http:\/\/univoix.fr\/?page_id=1147"},"modified":"2020-02-14T18:29:16","modified_gmt":"2020-02-14T17:29:16","slug":"communication-dentreprise","status":"publish","type":"page","link":"http:\/\/univoix.fr\/index.php\/communication-dentreprise\/","title":{"rendered":"Communication d&#8217;entreprise"},"content":{"rendered":"\n<p style=\"font-size:17px\">La communication d&#8217;entreprise implique une <strong>vision large<\/strong> des rapports humains au sein de l&#8217;entreprise tout en d\u00e9ployant une <strong>connaissance <\/strong>affut\u00e9e de sa <strong>client\u00e8le<\/strong> et de ses besoins.&nbsp;<\/p>\n\n\n\n<hr class=\"wp-block-separator\"\/>\n\n\n\n<div class=\"wp-block-media-text alignwide has-media-on-the-right has-very-light-gray-background-color\"><figure class=\"wp-block-media-text__media\"><img loading=\"lazy\" decoding=\"async\" width=\"1024\" height=\"701\" src=\"http:\/\/univoix.fr\/wp-content\/uploads\/2019\/11\/office-4480206_1280-copie-1024x701.jpg\" alt=\"\" class=\"wp-image-1151\" srcset=\"http:\/\/univoix.fr\/wp-content\/uploads\/2019\/11\/office-4480206_1280-copie-1024x701.jpg 1024w, http:\/\/univoix.fr\/wp-content\/uploads\/2019\/11\/office-4480206_1280-copie-300x205.jpg 300w, http:\/\/univoix.fr\/wp-content\/uploads\/2019\/11\/office-4480206_1280-copie-768x526.jpg 768w, http:\/\/univoix.fr\/wp-content\/uploads\/2019\/11\/office-4480206_1280-copie.jpg 1280w\" sizes=\"auto, (max-width: 1024px) 100vw, 1024px\" \/><\/figure><div class=\"wp-block-media-text__content\">\n<p style=\"text-align:center\" class=\"has-text-color has-large-font-size has-vivid-red-color\">Communiquer au sein <br>de l&#8217;entreprise<\/p>\n<\/div><\/div>\n\n\n\n<hr class=\"wp-block-separator\"\/>\n\n\n\n<p style=\"font-size:17px\">Les <strong>relations interpersonnelles<\/strong> au sein de votre organisation sont le ciment de la <strong>sant\u00e9<\/strong> de votre entreprise. Cr\u00e9er des <strong>connexions<\/strong>, un esprit de <strong>collaboration<\/strong>, une \u00e9nergie communicative et un climat de <strong>s\u00e9curit\u00e9<\/strong> parmi vos collaborateurs permet de r\u00e9v\u00e9ler au mieux leur <strong>potentiel<\/strong> et leur <strong>investissement<\/strong>. <\/p>\n\n\n\n<p style=\"font-size:17px\">Mais comment cr\u00e9er un <strong>contexte favorable<\/strong> aux \u00e9changes et m\u00e9nager des <strong>personnalit\u00e9s<\/strong> parfois aussi fortes que disparates ? <\/p>\n\n\n\n<p style=\"font-size:17px\">Diriger une entreprise c&#8217;est aussi <strong>conduire une \u00e9quipe<\/strong>, g\u00e9rer des collaborateurs, cr\u00e9er des partenariat et \u00e9changer constamment sur le plan humain. <\/p>\n\n\n\n<hr class=\"wp-block-separator\"\/>\n\n\n\n<div class=\"wp-block-media-text alignwide has-very-light-gray-background-color\"><figure class=\"wp-block-media-text__media\"><img loading=\"lazy\" decoding=\"async\" width=\"1024\" height=\"600\" src=\"http:\/\/univoix.fr\/wp-content\/uploads\/2019\/11\/businesswoman-4133404_1280-1-1024x600.jpg\" alt=\"\" class=\"wp-image-1150\" srcset=\"http:\/\/univoix.fr\/wp-content\/uploads\/2019\/11\/businesswoman-4133404_1280-1-1024x600.jpg 1024w, http:\/\/univoix.fr\/wp-content\/uploads\/2019\/11\/businesswoman-4133404_1280-1-300x176.jpg 300w, http:\/\/univoix.fr\/wp-content\/uploads\/2019\/11\/businesswoman-4133404_1280-1-768x450.jpg 768w, http:\/\/univoix.fr\/wp-content\/uploads\/2019\/11\/businesswoman-4133404_1280-1.jpg 1280w\" sizes=\"auto, (max-width: 1024px) 100vw, 1024px\" \/><\/figure><div class=\"wp-block-media-text__content\">\n<p style=\"text-align:center\" class=\"has-text-color has-large-font-size has-vivid-red-color\">Chef d&#8217;entreprise&#8230; un potentiel de leader<\/p>\n<\/div><\/div>\n\n\n\n<hr class=\"wp-block-separator\"\/>\n\n\n\n<p style=\"font-size:17px\">Engager, convaincre, inspirer et \u00eatre suivi sont autant de <strong>qualit\u00e9s indispensables<\/strong> \u00e0 tout dirigeant. <\/p>\n\n\n\n<p style=\"font-size:17px\">Mais la connaissance de la <strong>psychologie humaine<\/strong>, des techniques de <strong>communication<\/strong>, de <strong>gestion de la relation<\/strong> ou <strong>manag\u00e9riales<\/strong> implique une formation lourde et difficilement compatible avec les responsabilit\u00e9s et la <strong>charge de travail<\/strong> d&#8217;un chef d&#8217;entreprise. Choisir d&#8217;\u00eatre <strong>accompagn\u00e9 par un coach<\/strong> est une solution avantageuse. <\/p>\n\n\n\n<hr class=\"wp-block-separator\"\/>\n\n\n\n<div class=\"wp-block-media-text alignwide has-media-on-the-right has-very-light-gray-background-color\"><figure class=\"wp-block-media-text__media\"><img loading=\"lazy\" decoding=\"async\" width=\"1024\" height=\"682\" src=\"http:\/\/univoix.fr\/wp-content\/uploads\/2019\/11\/macbook-407126_1280-1024x682.jpg\" alt=\"\" class=\"wp-image-1153\" srcset=\"http:\/\/univoix.fr\/wp-content\/uploads\/2019\/11\/macbook-407126_1280-1024x682.jpg 1024w, http:\/\/univoix.fr\/wp-content\/uploads\/2019\/11\/macbook-407126_1280-300x200.jpg 300w, http:\/\/univoix.fr\/wp-content\/uploads\/2019\/11\/macbook-407126_1280-768x512.jpg 768w, http:\/\/univoix.fr\/wp-content\/uploads\/2019\/11\/macbook-407126_1280-1140x760.jpg 1140w, http:\/\/univoix.fr\/wp-content\/uploads\/2019\/11\/macbook-407126_1280-570x380.jpg 570w, http:\/\/univoix.fr\/wp-content\/uploads\/2019\/11\/macbook-407126_1280-380x254.jpg 380w, http:\/\/univoix.fr\/wp-content\/uploads\/2019\/11\/macbook-407126_1280-285x190.jpg 285w, http:\/\/univoix.fr\/wp-content\/uploads\/2019\/11\/macbook-407126_1280-272x182.jpg 272w, http:\/\/univoix.fr\/wp-content\/uploads\/2019\/11\/macbook-407126_1280.jpg 1280w\" sizes=\"auto, (max-width: 1024px) 100vw, 1024px\" \/><\/figure><div class=\"wp-block-media-text__content\">\n<p class=\"has-text-color has-large-font-size has-vivid-red-color\">Communiquer au sein d&#8217;un monde hyper connect\u00e9 et parasit\u00e9 d&#8217;informations<\/p>\n<\/div><\/div>\n\n\n\n<hr class=\"wp-block-separator\"\/>\n\n\n\n<p style=\"font-size:17px\">De plus, sans communication pas de <strong>visibilit\u00e9<\/strong> et sans visibilit\u00e9 aucun <strong>d\u00e9veloppement<\/strong> possible. Savoir aussi communiquer avec ses clients est capital pour une entreprise. <\/p>\n\n\n\n<p style=\"font-size:17px\">Mais comment cr\u00e9er une <strong>relation client\u00e8le <\/strong>de qualit\u00e9 ? Comment \u00eatre s\u00fbr de conna\u00eetre le profil et les besoins de ses clients ? Quels sont les vecteurs de communication efficaces selon votre domaine d&#8217;activit\u00e9 ? Comment <strong>\u00eatre visible <\/strong>? Et enfin, comment d\u00e9velopper une image cr\u00e9dible ? <\/p>\n\n\n\n<p style=\"font-size:17px\">La communication d&#8217;une entreprise passe par la pertinence des <strong>vecteurs utilis\u00e9s<\/strong> (sites, r\u00e9seaux sociaux, journaux, affiches&#8230;), le choix des <strong>visuels<\/strong> (formes, couleurs, logos&#8230;) et le <strong>langage verbal <\/strong>adopt\u00e9 (storytelling, copywriting, slogan &#8230;). <br>La connaissance des <strong>neurosciences<\/strong> est un outil tr\u00e8s puissant permettant de mesurer l&#8217;impact d&#8217;une affiche ou d&#8217;un slogan par exemple. Comprendre les <strong>m\u00e9canismes c\u00e9r\u00e9braux<\/strong> entrant en jeu dans la communication permet de mettre en place une <strong>communication efficace<\/strong> quelque soit le support. <\/p>\n\n\n\n<p class=\"has-text-color has-background has-medium-font-size has-vivid-red-color has-very-light-gray-background-color\">Formations, coaching, audit<\/p>\n\n\n\n<p style=\"font-size:17px\">Fa\u00eetes-vous accompagner ! Coaching en prise de parole en public et en leadership, analyse des relations interpersonnelles au sein de l&#8217;entreprise, audit des vecteurs de communication, personal branding,  conseils en image strat\u00e9gique&#8230;<br>Des questions, une demande de devis ? <strong>Contactez-nous !<\/strong><\/p>\n\n\n<div role=\"form\" class=\"wpcf7\" id=\"wpcf7-f314-o1\" lang=\"fr-FR\" dir=\"ltr\">\n<div class=\"screen-reader-response\"><\/div>\n<form action=\"\/index.php\/wp-json\/wp\/v2\/pages\/1147#wpcf7-f314-o1\" method=\"post\" class=\"wpcf7-form\" novalidate=\"novalidate\">\n<div style=\"display: none;\">\n<input type=\"hidden\" name=\"_wpcf7\" value=\"314\" \/>\n<input type=\"hidden\" name=\"_wpcf7_version\" value=\"5.1.6\" \/>\n<input type=\"hidden\" name=\"_wpcf7_locale\" value=\"fr_FR\" \/>\n<input type=\"hidden\" name=\"_wpcf7_unit_tag\" value=\"wpcf7-f314-o1\" \/>\n<input type=\"hidden\" name=\"_wpcf7_container_post\" value=\"0\" \/>\n<input type=\"hidden\" name=\"g-recaptcha-response\" value=\"\" \/>\n<\/div>\n<p><label> Votre nom (obligatoire)<br \/>\n    <span class=\"wpcf7-form-control-wrap your-name\"><input type=\"text\" name=\"your-name\" value=\"\" size=\"40\" class=\"wpcf7-form-control wpcf7-text wpcf7-validates-as-required\" aria-required=\"true\" aria-invalid=\"false\" \/><\/span> <\/label><\/p>\n<p><label> Votre adresse de messagerie (obligatoire)<br \/>\n    <span class=\"wpcf7-form-control-wrap your-email\"><input type=\"email\" name=\"your-email\" value=\"\" size=\"40\" class=\"wpcf7-form-control wpcf7-text wpcf7-email wpcf7-validates-as-required wpcf7-validates-as-email\" aria-required=\"true\" aria-invalid=\"false\" \/><\/span> <\/label><\/p>\n<p><label> Objet<br \/>\n    <span class=\"wpcf7-form-control-wrap your-subject\"><input type=\"text\" name=\"your-subject\" value=\"\" size=\"40\" class=\"wpcf7-form-control wpcf7-text\" aria-invalid=\"false\" \/><\/span> <\/label><\/p>\n<p><label> Votre message<br \/>\n    <span class=\"wpcf7-form-control-wrap your-message\"><textarea name=\"your-message\" cols=\"40\" rows=\"10\" class=\"wpcf7-form-control wpcf7-textarea\" aria-invalid=\"false\"><\/textarea><\/span> <\/label><br \/>\n<label> Pour valider votre envoi, recopiez le texte suivant : <span class=\"wpcf7-form-control-wrap quiz-769\"><label><span class=\"wpcf7-quiz-label\">mavoix\/30<\/span> <input type=\"text\" name=\"quiz-769\" size=\"40\" class=\"wpcf7-form-control wpcf7-quiz\" autocomplete=\"off\" aria-required=\"true\" aria-invalid=\"false\" \/><\/label><input type=\"hidden\" name=\"_wpcf7_quiz_answer_quiz-769\" value=\"8bd14ad094ee0c337e8f2db825c07d59\" \/><\/span><\/label><br \/>\n<input type=\"submit\" value=\"Envoyer\" class=\"wpcf7-form-control wpcf7-submit\" \/><\/p>\n<p style=\"display: none !important;\"><label>&#916;<textarea name=\"_wpcf7_ak_hp_textarea\" cols=\"45\" rows=\"8\" maxlength=\"100\"><\/textarea><\/label><input type=\"hidden\" id=\"ak_js_1\" name=\"_wpcf7_ak_js\" value=\"231\"\/><script>document.getElementById( \"ak_js_1\" ).setAttribute( \"value\", ( new Date() ).getTime() );<\/script><\/p><div class=\"wpcf7-response-output wpcf7-display-none\"><\/div><\/form><\/div>\n","protected":false},"excerpt":{"rendered":"<p>La communication d&#8217;entreprise implique une vision large des rapports humains au sein de l&#8217;entreprise tout en d\u00e9ployant une connaissance affut\u00e9e de sa client\u00e8le et de ses besoins.&nbsp; Communiquer au sein de l&#8217;entreprise Les relations interpersonnelles au sein de votre organisation sont le ciment de la sant\u00e9 de votre entreprise. Cr\u00e9er des connexions, un esprit de<\/p>\n<p><a href=\"http:\/\/univoix.fr\/index.php\/communication-dentreprise\/\" class=\"more-link themebutton\">Read More<\/a><\/p>\n","protected":false},"author":1,"featured_media":0,"parent":0,"menu_order":0,"comment_status":"closed","ping_status":"closed","template":"","meta":{"footnotes":""},"class_list":["post-1147","page","type-page","status-publish","hentry"],"_links":{"self":[{"href":"http:\/\/univoix.fr\/index.php\/wp-json\/wp\/v2\/pages\/1147","targetHints":{"allow":["GET"]}}],"collection":[{"href":"http:\/\/univoix.fr\/index.php\/wp-json\/wp\/v2\/pages"}],"about":[{"href":"http:\/\/univoix.fr\/index.php\/wp-json\/wp\/v2\/types\/page"}],"author":[{"embeddable":true,"href":"http:\/\/univoix.fr\/index.php\/wp-json\/wp\/v2\/users\/1"}],"replies":[{"embeddable":true,"href":"http:\/\/univoix.fr\/index.php\/wp-json\/wp\/v2\/comments?post=1147"}],"version-history":[{"count":12,"href":"http:\/\/univoix.fr\/index.php\/wp-json\/wp\/v2\/pages\/1147\/revisions"}],"predecessor-version":[{"id":1239,"href":"http:\/\/univoix.fr\/index.php\/wp-json\/wp\/v2\/pages\/1147\/revisions\/1239"}],"wp:attachment":[{"href":"http:\/\/univoix.fr\/index.php\/wp-json\/wp\/v2\/media?parent=1147"}],"curies":[{"name":"wp","href":"https:\/\/api.w.org\/{rel}","templated":true}]}}