{"id":1319,"date":"2020-05-17T12:36:24","date_gmt":"2020-05-17T10:36:24","guid":{"rendered":"http:\/\/univoix.fr\/?page_id=1319"},"modified":"2020-05-19T07:15:57","modified_gmt":"2020-05-19T05:15:57","slug":"prise-de-parole-en-public","status":"publish","type":"page","link":"http:\/\/univoix.fr\/index.php\/prise-de-parole-en-public\/","title":{"rendered":"Prise de parole en public"},"content":{"rendered":"\n<div class=\"wp-block-media-text alignwide has-background is-stacked-on-mobile\" style=\"background-color:#f4f4f4\"><figure class=\"wp-block-media-text__media\"><img loading=\"lazy\" decoding=\"async\" width=\"1024\" height=\"682\" src=\"http:\/\/univoix.fr\/wp-content\/uploads\/2020\/05\/microphone-2775447_1280-copie-3-1024x682.jpg\" alt=\"\" class=\"wp-image-1306\" srcset=\"http:\/\/univoix.fr\/wp-content\/uploads\/2020\/05\/microphone-2775447_1280-copie-3-1024x682.jpg 1024w, http:\/\/univoix.fr\/wp-content\/uploads\/2020\/05\/microphone-2775447_1280-copie-3-300x200.jpg 300w, http:\/\/univoix.fr\/wp-content\/uploads\/2020\/05\/microphone-2775447_1280-copie-3-768x512.jpg 768w, http:\/\/univoix.fr\/wp-content\/uploads\/2020\/05\/microphone-2775447_1280-copie-3-1140x760.jpg 1140w, http:\/\/univoix.fr\/wp-content\/uploads\/2020\/05\/microphone-2775447_1280-copie-3-570x380.jpg 570w, http:\/\/univoix.fr\/wp-content\/uploads\/2020\/05\/microphone-2775447_1280-copie-3-380x254.jpg 380w, http:\/\/univoix.fr\/wp-content\/uploads\/2020\/05\/microphone-2775447_1280-copie-3-285x190.jpg 285w, http:\/\/univoix.fr\/wp-content\/uploads\/2020\/05\/microphone-2775447_1280-copie-3-272x182.jpg 272w, http:\/\/univoix.fr\/wp-content\/uploads\/2020\/05\/microphone-2775447_1280-copie-3.jpg 1280w\" sizes=\"auto, (max-width: 1024px) 100vw, 1024px\" \/><\/figure><div class=\"wp-block-media-text__content\">\n<p class=\"has-text-color has-medium-font-size has-very-dark-gray-color\">S\u00e9minaires, conf\u00e9rences, r\u00e9unions, cours, formations, examens\u2026 nombreux sont les contextes o\u00f9 nous pouvons \u00eatre amen\u00e9s \u00e0 prendre la parole face \u00e0 un public. <strong>Savoir s&#8217;exprimer \u00e0 l&#8217;oral <\/strong>est aujourd&#8217;hui une comp\u00e9tence indispensable&nbsp;&nbsp;non seulement dans notre vie &#8220;publique&#8221; mais aussi au sein de notre vie personnelle.<\/p>\n<\/div><\/div>\n\n\n\n<p style=\"font-size:17px\" class=\"has-text-color has-very-dark-gray-color\">Pourtant nombreux sont ceux \u00e0 \u00eatre terroris\u00e9s \u00e0 l&#8217;id\u00e9e de devoir prendre la parole face \u00e0 un public. Il s&#8217;agit m\u00eame d&#8217;une des peurs les plus r\u00e9pandues : la glossophobie.<\/p>\n\n\n\n<p style=\"font-size:17px\" class=\"has-text-color has-very-dark-gray-color\">Et la plupart des formations de prise de parole consid\u00e8rent qu&#8217;il convient d&#8217;abord de cultiver l&#8217;<strong>estime de soi<\/strong> et la confiance comme un <strong>pr\u00e9-requis<\/strong> \u00e0 la prise de parole en public.<br>Pourtant, c&#8217;est une <strong>id\u00e9e fausse<\/strong> ! Et cette d\u00e9marche est limitante. Car si vous attendez d&#8217;avoir confiance en vous pour prendre la parole, vous risquez d&#8217;attendre longtemps. La <strong>confiance en Soi<\/strong> est une <strong>cons\u00e9quence<\/strong> d&#8217;actions, de r\u00e9alisations et de r\u00e9ussites, et c&#8217;est ce processus qu&#8217;il convient de mettre en place.<\/p>\n\n\n\n<p style=\"color:#ffffff\" class=\"has-text-color has-background has-text-align-center has-medium-font-size has-vivid-red-background-color\">C&#8217;est par la pratique que l&#8217;on devient comp\u00e9tent, c&#8217;est par la pratique que l&#8217;on prend confiance en Soi !<\/p>\n\n\n\n<hr class=\"wp-block-separator\"\/>\n\n\n\n<p style=\"font-size:17px\" class=\"has-text-color has-very-dark-gray-color\">La majorit\u00e9 des approches vous proposent aussi de travailler sur votre voix, votre corps ou votre langage de fa\u00e7on <strong>cloisonn\u00e9e<\/strong> o\u00f9 les techniques sont r\u00e9duites \u00e0 des <strong>trucs et astuces<\/strong>. Quant au travail sur le contenu, il est le plus souvent inexistant, consid\u00e9r\u00e9 comme un pr\u00e9-requis \u00e0 la prise de parole. <br>Mais beaucoup souffrent souvent d&#8217;un <strong>manque de charisme<\/strong> parce qu&#8217;ils n&#8217;ont justement <strong>pas grand chose \u00e0 dire<\/strong>. Or travailler sur son <strong>aptitude \u00e0 prendre la parole<\/strong>, d\u00e9velopper son leadership et sa pr\u00e9sence c&#8217;est <strong>nourrir sa pens\u00e9e<\/strong>, c&#8217;est d\u00e9velopper ses <strong>r\u00e9f\u00e9rences<\/strong>, c&#8217;est cultiver son <strong>esprit critique<\/strong> et son <strong>envie de dire<\/strong> !<\/p>\n\n\n\n<p style=\"font-size:17px\" class=\"has-text-color has-very-dark-gray-color\">Et <strong>dissocier<\/strong> les diff\u00e9rentes <strong>techniques vocales, corporelles, verbales<\/strong> de cette intention et d&#8217;un objectif relationnel est un <strong>non sens<\/strong>. La <strong>voix <\/strong>est une <strong>cons\u00e9quence du corps<\/strong>, de sa posture, de ses expressions, de son mouvement&#8230; Elle exprime ce que le corps exprime. <\/p>\n\n\n\n<p style=\"color:#ffffff\" class=\"has-text-color has-background has-text-align-center has-medium-font-size has-vivid-red-background-color\">La n\u00e9cessit\u00e9 d&#8217;une approche globale<\/p>\n\n\n\n<p style=\"font-size:17px\" class=\"has-text-color has-very-dark-gray-color\">Enfin la parole est une <strong>cons\u00e9quence de l&#8217;esprit et de l&#8217;intention<\/strong>. Elle est port\u00e9e par n\u00e9cessit\u00e9, par le besoin visc\u00e9ral de <strong>prendre sa place<\/strong> dans un contexte social de plus en plus vaste. Elle n&#8217;a donc de sens que dans le cadre de la <strong>relation \u00e0 l&#8217;autre<\/strong>. Servir un <strong>objectif relationnel<\/strong> devrait-\u00eatre le premier pr\u00e9-requis \u00e0 toute prise de parole. <\/p>\n\n\n\n<p style=\"background-color:#f7f7f7;font-size:18px\" class=\"has-text-color has-background has-vivid-red-color\">Alors comment prendre sa place ? <br>Comment cultiver sa parole, ses r\u00e9f\u00e9rences et son avis critique ?<br>Comment oser s&#8217;affirmer et s&#8217;exprimer face \u00e0 l&#8217;autre ? <br>Comment ma\u00eetriser sa prise de parole ? Comment am\u00e9liorer sa technique vocale, corporelle et verbale au service d&#8217;un discours percutant ?<br>Et comment am\u00e9liorer l&#8217;impact de sa parole au service de la relation \u00e0 l&#8217;autre ?<\/p>\n\n\n\n<p style=\"color:#ffffff\" class=\"has-text-color has-background has-text-align-center has-medium-font-size has-vivid-red-background-color\">\u00catre accompagn\u00e9 et se former \u00e0 l&#8217;aide d&#8217;outils innovants et performants<\/p>\n\n\n\n<blockquote class=\"wp-block-quote is-style-large is-layout-flow wp-block-quote-is-layout-flow\"><p>Je vous accompagne, en virtuel ou en pr\u00e9sentiel, dans votre d\u00e9marche afin d&#8217;am\u00e9liorer vos comp\u00e9tences oratoires. <\/p><\/blockquote>\n\n\n\n<div class=\"wp-block-buttons aligncenter is-layout-flex wp-block-buttons-is-layout-flex\">\n<div class=\"wp-block-button\"><a class=\"wp-block-button__link has-background has-vivid-red-background-color\" href=\"http:\/\/univoix.fr\/index.php\/contact\/\">S&#8217;informer &#8211; Prendre rendez-vous<\/a><\/div>\n<\/div>\n\n\n\n<p><\/p>\n","protected":false},"excerpt":{"rendered":"<p>S\u00e9minaires, conf\u00e9rences, r\u00e9unions, cours, formations, examens\u2026 nombreux sont les contextes o\u00f9 nous pouvons \u00eatre amen\u00e9s \u00e0 prendre la parole face \u00e0 un public. Savoir s&#8217;exprimer \u00e0 l&#8217;oral est aujourd&#8217;hui une comp\u00e9tence indispensable&nbsp;&nbsp;non seulement dans notre vie &#8220;publique&#8221; mais aussi au sein de notre vie personnelle. Pourtant nombreux sont ceux \u00e0 \u00eatre terroris\u00e9s \u00e0 l&#8217;id\u00e9e de<\/p>\n<p><a href=\"http:\/\/univoix.fr\/index.php\/prise-de-parole-en-public\/\" class=\"more-link themebutton\">Read More<\/a><\/p>\n","protected":false},"author":1,"featured_media":0,"parent":0,"menu_order":0,"comment_status":"closed","ping_status":"closed","template":"","meta":{"footnotes":""},"class_list":["post-1319","page","type-page","status-publish","hentry"],"_links":{"self":[{"href":"http:\/\/univoix.fr\/index.php\/wp-json\/wp\/v2\/pages\/1319","targetHints":{"allow":["GET"]}}],"collection":[{"href":"http:\/\/univoix.fr\/index.php\/wp-json\/wp\/v2\/pages"}],"about":[{"href":"http:\/\/univoix.fr\/index.php\/wp-json\/wp\/v2\/types\/page"}],"author":[{"embeddable":true,"href":"http:\/\/univoix.fr\/index.php\/wp-json\/wp\/v2\/users\/1"}],"replies":[{"embeddable":true,"href":"http:\/\/univoix.fr\/index.php\/wp-json\/wp\/v2\/comments?post=1319"}],"version-history":[{"count":14,"href":"http:\/\/univoix.fr\/index.php\/wp-json\/wp\/v2\/pages\/1319\/revisions"}],"predecessor-version":[{"id":1336,"href":"http:\/\/univoix.fr\/index.php\/wp-json\/wp\/v2\/pages\/1319\/revisions\/1336"}],"wp:attachment":[{"href":"http:\/\/univoix.fr\/index.php\/wp-json\/wp\/v2\/media?parent=1319"}],"curies":[{"name":"wp","href":"https:\/\/api.w.org\/{rel}","templated":true}]}}