{"id":1506,"date":"2021-03-26T17:09:15","date_gmt":"2021-03-26T16:09:15","guid":{"rendered":"http:\/\/univoix.fr\/?page_id=1506"},"modified":"2021-03-26T18:34:11","modified_gmt":"2021-03-26T17:34:11","slug":"etre-soi-et-oser-sexprimer-oser-prendre-la-parole-avec-confiance","status":"publish","type":"page","link":"http:\/\/univoix.fr\/index.php\/etre-soi-et-oser-sexprimer-oser-prendre-la-parole-avec-confiance\/","title":{"rendered":"\u00catre Soi et oser S&#8217;exprimer"},"content":{"rendered":"\n<div class=\"wp-block-image\"><figure class=\"aligncenter size-large\"><img loading=\"lazy\" decoding=\"async\" width=\"1024\" height=\"209\" src=\"http:\/\/univoix.fr\/wp-content\/uploads\/2021\/03\/prendre-la-parole-avec-confiance-1-1024x209.png\" alt=\"\" class=\"wp-image-1513\" srcset=\"http:\/\/univoix.fr\/wp-content\/uploads\/2021\/03\/prendre-la-parole-avec-confiance-1-1024x209.png 1024w, http:\/\/univoix.fr\/wp-content\/uploads\/2021\/03\/prendre-la-parole-avec-confiance-1-300x61.png 300w, http:\/\/univoix.fr\/wp-content\/uploads\/2021\/03\/prendre-la-parole-avec-confiance-1-768x157.png 768w, http:\/\/univoix.fr\/wp-content\/uploads\/2021\/03\/prendre-la-parole-avec-confiance-1-1536x314.png 1536w, http:\/\/univoix.fr\/wp-content\/uploads\/2021\/03\/prendre-la-parole-avec-confiance-1.png 1951w\" sizes=\"auto, (max-width: 1024px) 100vw, 1024px\" \/><\/figure><\/div>\n\n\n\n<p style=\"font-size:19px\" class=\"has-text-color has-very-dark-gray-color\">Comment <strong>oser<\/strong> prendre la parole et s&#8217;exprimer ? Comment oser s&#8217;affirmer et <strong>\u00eatre soi<\/strong> ? Comment <strong>prendre<\/strong> pleinement <strong>sa place<\/strong> face \u00e0 l&#8217;autre sans bafouiller, sans perdre ses mots ou s&#8217;\u00e9teindre ? Comment se sentir <strong>exister<\/strong> dans un monde satur\u00e9 par la communication ?<\/p>\n\n\n\n<p style=\"font-size:19px\" class=\"has-text-color has-very-dark-gray-color\">Savoir s&#8217;exprimer ne suffit pas. Il faut aussi pouvoir <strong>oser s&#8217;exprimer<\/strong> \u00e0 l&#8217;oral ! Pouvoir se sentir <strong>l\u00e9gitime<\/strong> et en confiance. Avoir des choses \u00e0 dire. \u00catre port\u00e9 par ses <strong>valeurs<\/strong>, ses convictions et laisser parler sa petite <strong>voix int\u00e9rieure<\/strong>.<\/p>\n\n\n\n<p style=\"font-size:19px\" class=\"has-text-color has-very-dark-gray-color\">Or certains sont paralys\u00e9s par la peur. Beaucoup manquent de confiance en eux-m\u00eames et ne parviennent pas \u00e0 prendre la parole et \u00e0 faire entendre leur voix, de mani\u00e8re claire et assur\u00e9e.<\/p>\n\n\n\n<p class=\"has-text-color has-background has-medium-font-size has-vivid-red-color has-very-light-gray-background-color\">-&gt; Alors comment cr\u00e9er du lien et vous faire entendre ? <br>-&gt; Comment exister face \u00e0 l\u2019autre ?&nbsp;<br>-&gt; Comment augmenter votre capital sympathie ?<br>-&gt; Comment vous sentir \u00e0 l\u2019aise et ma\u00eetriser votre stress en toute situation ? <br>-&gt; Comment g\u00e9rer votre peur ou votre col\u00e8re ?<br>-&gt; Comment renvoyer une image positive de vous-m\u00eame et augmenter votre estime personnelle ?<br>-&gt; Et comment, enfin, vous affirmer tout en vous inscrivant dans une relation de confiance ?<\/p>\n\n\n\n<hr class=\"wp-block-separator\"\/>\n\n\n\n<h2 class=\"has-vivid-red-color has-text-color has-text-align-center wp-block-heading\">PRISE DE PAROLE ET CONFIANCE EN SOI<\/h2>\n\n\n\n<div class=\"wp-block-media-text alignwide has-background has-very-light-gray-background-color is-stacked-on-mobile\"><figure class=\"wp-block-media-text__media\"><img loading=\"lazy\" decoding=\"async\" width=\"1024\" height=\"650\" src=\"http:\/\/univoix.fr\/wp-content\/uploads\/2019\/07\/nature-2592000_1280-1024x650.jpg\" alt=\"Oser s'exprimer et developper sa conviction int\u00e9rieure\" class=\"wp-image-546\" srcset=\"http:\/\/univoix.fr\/wp-content\/uploads\/2019\/07\/nature-2592000_1280-1024x650.jpg 1024w, http:\/\/univoix.fr\/wp-content\/uploads\/2019\/07\/nature-2592000_1280-300x190.jpg 300w, http:\/\/univoix.fr\/wp-content\/uploads\/2019\/07\/nature-2592000_1280-768x487.jpg 768w, http:\/\/univoix.fr\/wp-content\/uploads\/2019\/07\/nature-2592000_1280.jpg 1280w\" sizes=\"auto, (max-width: 1024px) 100vw, 1024px\" \/><\/figure><div class=\"wp-block-media-text__content\">\n<h2 class=\"has-vivid-red-color has-text-color wp-block-heading\">D\u00e9veloppez votre conviction int\u00e9rieure<\/h2>\n\n\n\n<p class=\"has-text-color has-medium-font-size has-very-dark-gray-color\">En d\u00e9finissant clairement qui vous \u00eates, quelles sont vos&nbsp;<strong>valeurs<\/strong>, vos&nbsp;<strong>motivations<\/strong>, vos&nbsp;<strong>objectifs<\/strong>, vous \u00eates plus \u00e0 m\u00eame de suivre la bonne&nbsp;<strong>direction<\/strong> et de vous exprimer de fa\u00e7on authentique. Celui&nbsp;qui n\u2019aurait pas de vision claire, de&nbsp;<strong>mission<\/strong>&nbsp;ou de valeurs \u00e0 d\u00e9fendre serait comme un navire sans boussole, vou\u00e9 \u00e0 se perdre en paroles inutiles, ou pire : \u00e0 s\u2019\u00e9chouer dans le silence\u2026<\/p>\n<\/div><\/div>\n\n\n\n<hr class=\"wp-block-separator\"\/>\n\n\n\n<div class=\"wp-block-media-text alignwide has-media-on-the-right has-background has-very-light-gray-background-color is-stacked-on-mobile\"><figure class=\"wp-block-media-text__media\"><img loading=\"lazy\" decoding=\"async\" width=\"1024\" height=\"682\" src=\"http:\/\/univoix.fr\/wp-content\/uploads\/2019\/11\/happiness-824419_1280-1024x682.jpg\" alt=\"Oser s'exprimer et prendre place en soi\" class=\"wp-image-1170\" srcset=\"http:\/\/univoix.fr\/wp-content\/uploads\/2019\/11\/happiness-824419_1280-1024x682.jpg 1024w, http:\/\/univoix.fr\/wp-content\/uploads\/2019\/11\/happiness-824419_1280-300x200.jpg 300w, http:\/\/univoix.fr\/wp-content\/uploads\/2019\/11\/happiness-824419_1280-768x512.jpg 768w, http:\/\/univoix.fr\/wp-content\/uploads\/2019\/11\/happiness-824419_1280-1140x760.jpg 1140w, http:\/\/univoix.fr\/wp-content\/uploads\/2019\/11\/happiness-824419_1280-570x380.jpg 570w, http:\/\/univoix.fr\/wp-content\/uploads\/2019\/11\/happiness-824419_1280-380x254.jpg 380w, http:\/\/univoix.fr\/wp-content\/uploads\/2019\/11\/happiness-824419_1280-285x190.jpg 285w, http:\/\/univoix.fr\/wp-content\/uploads\/2019\/11\/happiness-824419_1280-272x182.jpg 272w, http:\/\/univoix.fr\/wp-content\/uploads\/2019\/11\/happiness-824419_1280.jpg 1280w\" sizes=\"auto, (max-width: 1024px) 100vw, 1024px\" \/><\/figure><div class=\"wp-block-media-text__content\">\n<h2 class=\"has-vivid-red-color has-text-color wp-block-heading\">Prenez place en vous-m\u00eame<\/h2>\n\n\n\n<p class=\"has-text-color has-medium-font-size has-very-dark-gray-color\">\u00c0 travers diff\u00e9rentes <strong>techniques mentales, corporelles<\/strong> et <strong>vocales<\/strong>, la Psycorpophonie Relationnelle vous aide \u00e0 g\u00e9rer vos \u00e9tats internes, \u00e0 vous exprimer de mani\u00e8re plus efficace et affirm\u00e9e, \u00e0 d\u00e9velopper votre sentiment de <strong>confiance int\u00e9rieure<\/strong> et \u00e0 vous sentir pr\u00e9sent&#8230; \u00c0 l&#8217;aide d&#8217;une <strong>pratique r\u00e9guli\u00e8re<\/strong>, vous transformez progressivement votre mani\u00e8re d&#8217;\u00eatre et de dire pour <strong>exister<\/strong> avec force et charisme. <\/p>\n<\/div><\/div>\n\n\n\n<hr class=\"wp-block-separator\"\/>\n\n\n\n<div class=\"wp-block-media-text alignwide has-background has-very-light-gray-background-color is-stacked-on-mobile\"><figure class=\"wp-block-media-text__media\"><img loading=\"lazy\" decoding=\"async\" width=\"640\" height=\"360\" src=\"http:\/\/univoix.fr\/wp-content\/uploads\/2021\/03\/talk-1526246_640.jpg\" alt=\"D\u00e9velopper son expression orale et oser s'exprimer\" class=\"wp-image-1525\" srcset=\"http:\/\/univoix.fr\/wp-content\/uploads\/2021\/03\/talk-1526246_640.jpg 640w, http:\/\/univoix.fr\/wp-content\/uploads\/2021\/03\/talk-1526246_640-300x169.jpg 300w\" sizes=\"auto, (max-width: 640px) 100vw, 640px\" \/><\/figure><div class=\"wp-block-media-text__content\">\n<h2 class=\"has-vivid-red-color has-text-color wp-block-heading\">D\u00e9veloppez votre expression orale<\/h2>\n\n\n\n<p class=\"has-text-color has-medium-font-size has-very-dark-gray-color\">Engager un travail sur votre <strong>mani\u00e8re de communiquer<\/strong> peut v\u00e9ritablement op\u00e9rer des changements profonds sur votre <strong>mani\u00e8re de vous sentir<\/strong>, de vous vivre et de vous percevoir. C\u2019est un outil extraordinaire de d\u00e9veloppement personnel.<\/p>\n<\/div><\/div>\n\n\n\n<p style=\"font-size:18px\" class=\"has-text-color has-very-dark-gray-color\">En effet, votre voix, votre gestuelle, votre fa\u00e7on de vous d\u00e9placer, de respirer, de parler, participent non seulement \u00e0 votre communication mais vont aussi contribuer \u00e0 <strong>modifier vos \u00e9tats internes<\/strong>.<\/p>\n\n\n\n<p style=\"font-size:18px\" class=\"has-text-color has-very-dark-gray-color\">Lorsque vous ralentissez votre d\u00e9bit par exemple, vous exprimez votre calme et facilitez la compr\u00e9hension, mais vous vous sentez aussi plus d\u00e9tendu et apais\u00e9 gr\u00e2ce \u00e0 une respiration plus lente et profonde. Le travail sur les diff\u00e9rentes techniques vocales et corporelles am\u00e9liore votre communication tout comme votre pr\u00e9sence \u00e0 vous-m\u00eame, votre sentiment de confiance et votre d\u00e9veloppement personnel.<\/p>\n\n\n\n<p style=\"font-size:18px\" class=\"has-text-color has-very-dark-gray-color\">Que ce soit sur un plan verbal, corporel ou vocal, on s&#8217;exprime comme on se sent. Mais l&#8217;on se sent aussi, comme l&#8217;on s&#8217;exprime. Apprendre \u00e0 communiquer autrement c&#8217;est aussi apprendre \u00e0 se sentir diff\u00e9remment !<\/p>\n\n\n\n<hr class=\"wp-block-separator\"\/>\n\n\n\n<h2 class=\"has-vivid-red-color has-text-color has-text-align-center wp-block-heading\">SE FORMER POUR S&#8217;EXPRIMER AVEC CONFIANCE<\/h2>\n\n\n\n<div class=\"wp-block-media-text alignwide has-background has-very-light-gray-background-color is-stacked-on-mobile\" style=\"grid-template-columns:38% auto\"><figure class=\"wp-block-media-text__media\"><img loading=\"lazy\" decoding=\"async\" width=\"1024\" height=\"722\" src=\"http:\/\/univoix.fr\/wp-content\/uploads\/2019\/09\/mark-516279_1280-copie-1024x722.jpg\" alt=\"Ecole de la voix : prendre la parole\" class=\"wp-image-1004\" srcset=\"http:\/\/univoix.fr\/wp-content\/uploads\/2019\/09\/mark-516279_1280-copie-1024x722.jpg 1024w, http:\/\/univoix.fr\/wp-content\/uploads\/2019\/09\/mark-516279_1280-copie-300x212.jpg 300w, http:\/\/univoix.fr\/wp-content\/uploads\/2019\/09\/mark-516279_1280-copie-768x542.jpg 768w, http:\/\/univoix.fr\/wp-content\/uploads\/2019\/09\/mark-516279_1280-copie.jpg 1280w\" sizes=\"auto, (max-width: 1024px) 100vw, 1024px\" \/><\/figure><div class=\"wp-block-media-text__content\">\n<div class=\"wp-block-image\"><figure class=\"aligncenter size-large\"><img loading=\"lazy\" decoding=\"async\" width=\"1024\" height=\"243\" src=\"http:\/\/univoix.fr\/wp-content\/uploads\/2019\/07\/person-731243_1280-copie-2-e1563813087865-1024x243.jpg\" alt=\"\u00eatre Soi : Osez exister et vous d\u00e9marquer\" class=\"wp-image-769\" srcset=\"http:\/\/univoix.fr\/wp-content\/uploads\/2019\/07\/person-731243_1280-copie-2-e1563813087865-1024x243.jpg 1024w, http:\/\/univoix.fr\/wp-content\/uploads\/2019\/07\/person-731243_1280-copie-2-e1563813087865-300x71.jpg 300w, http:\/\/univoix.fr\/wp-content\/uploads\/2019\/07\/person-731243_1280-copie-2-e1563813087865-768x182.jpg 768w, http:\/\/univoix.fr\/wp-content\/uploads\/2019\/07\/person-731243_1280-copie-2-e1563813087865.jpg 1417w\" sizes=\"auto, (max-width: 1024px) 100vw, 1024px\" \/><\/figure><\/div>\n\n\n\n<p style=\"font-size:26px\" class=\"has-text-color has-text-align-center has-very-dark-gray-color\">Oser s&#8217;exprimer : Formations Ateliers Conf\u00e9rences<\/p>\n\n\n\n<div class=\"wp-block-buttons aligncenter is-layout-flex wp-block-buttons-is-layout-flex\">\n<div class=\"wp-block-button\"><a class=\"wp-block-button__link has-background has-vivid-red-background-color\" href=\"\">Je d\u00e9couvre les formations<\/a><\/div>\n<\/div>\n\n\n\n<p><\/p>\n<\/div><\/div>\n\n\n\n<hr class=\"wp-block-separator\"\/>\n\n\n\n<div class=\"wp-block-media-text alignwide has-media-on-the-right has-background is-stacked-on-mobile\" style=\"background-color:#f2f9fd;grid-template-columns:auto 15%\"><figure class=\"wp-block-media-text__media\"><img loading=\"lazy\" decoding=\"async\" width=\"629\" height=\"944\" src=\"http:\/\/univoix.fr\/wp-content\/uploads\/2021\/03\/Couv-Loral-Jexcelle-3.jpg\" alt=\"\" class=\"wp-image-1562\" srcset=\"http:\/\/univoix.fr\/wp-content\/uploads\/2021\/03\/Couv-Loral-Jexcelle-3.jpg 629w, http:\/\/univoix.fr\/wp-content\/uploads\/2021\/03\/Couv-Loral-Jexcelle-3-200x300.jpg 200w\" sizes=\"auto, (max-width: 629px) 100vw, 629px\" \/><\/figure><div class=\"wp-block-media-text__content\">\n<p style=\"color:#0f5b70;font-size:23px\" class=\"has-text-color\">La m\u00e9thode compl\u00e8te destin\u00e9e \u00e0 ceux qui doivent passer un entretien ou une \u00e9preuve orale <em>(L&#8217;oral ? J&#8217;excelle ! Editions De Boeck)<\/em><\/p>\n\n\n\n<p style=\"font-size:19px\">* Se pr\u00e9parer<br>* G\u00e9rer son stress<br>* Prendre la parole avec aisance <br>* R\u00e9ussir son oral  <\/p>\n<\/div><\/div>\n\n\n\n<hr class=\"wp-block-separator\"\/>\n\n\n\n<p style=\"font-size:30px\" class=\"has-text-color has-text-align-center has-vivid-red-color\">S\u00c9MINAIRES MASTERCLASS ET ATELIERS<\/p>\n\n\n\n<div class=\"wp-block-media-text alignwide has-media-on-the-right has-background has-very-light-gray-background-color is-stacked-on-mobile\"><figure class=\"wp-block-media-text__media\"><img loading=\"lazy\" decoding=\"async\" width=\"848\" height=\"565\" src=\"http:\/\/univoix.fr\/wp-content\/uploads\/2019\/06\/0010062267R-849x565.jpg\" alt=\"Ateliers technique vocale et prise de parole\" class=\"wp-image-232\" srcset=\"http:\/\/univoix.fr\/wp-content\/uploads\/2019\/06\/0010062267R-849x565.jpg 848w, http:\/\/univoix.fr\/wp-content\/uploads\/2019\/06\/0010062267R-849x565-300x200.jpg 300w, http:\/\/univoix.fr\/wp-content\/uploads\/2019\/06\/0010062267R-849x565-768x512.jpg 768w, http:\/\/univoix.fr\/wp-content\/uploads\/2019\/06\/0010062267R-849x565-390x260.jpg 390w, http:\/\/univoix.fr\/wp-content\/uploads\/2019\/06\/0010062267R-849x565-520x346.jpg 520w, http:\/\/univoix.fr\/wp-content\/uploads\/2019\/06\/0010062267R-849x565-740x493.jpg 740w\" sizes=\"auto, (max-width: 848px) 100vw, 848px\" \/><\/figure><div class=\"wp-block-media-text__content\">\n<p style=\"font-size:27px\" class=\"has-text-color has-vivid-red-color\">Des <strong>Ateliers Pratiques<\/strong> et Ludiques pour explorer et <strong>d\u00e9velopper<\/strong> votre <strong>Potentiel Expressif<\/strong><\/p>\n\n\n\n<p style=\"font-size:27px\" class=\"has-text-align-center\"><em>TECHNIQUES CORPORELLES, MENTALES ET VOCALES<\/em><\/p>\n\n\n\n<p class=\"has-medium-font-size\"><strong>Objectifs<\/strong> :<br>&#8211; Am\u00e9liorer votre posture et votre gestuelle<br>&#8211; Am\u00e9liorer votre technique vocale<br>&#8211; Am\u00e9liorer votre gestion mentale et \u00e9motionnelle<br>&#8211; D\u00e9velopper votre \u00e9nergie et votre cr\u00e9ativit\u00e9<\/p>\n<\/div><\/div>\n\n\n\n<p class=\"has-text-color has-text-align-center has-medium-font-size has-vivid-red-color\">EN SAVOIR PLUS, S&#8217;INFORMER ? CONTACTEZ CLAIRE !<\/p>\n\n\n<div role=\"form\" class=\"wpcf7\" id=\"wpcf7-f314-o1\" lang=\"fr-FR\" dir=\"ltr\">\n<div class=\"screen-reader-response\"><\/div>\n<form action=\"\/index.php\/wp-json\/wp\/v2\/pages\/1506#wpcf7-f314-o1\" method=\"post\" class=\"wpcf7-form\" novalidate=\"novalidate\">\n<div style=\"display: none;\">\n<input type=\"hidden\" name=\"_wpcf7\" value=\"314\" \/>\n<input type=\"hidden\" name=\"_wpcf7_version\" value=\"5.1.6\" \/>\n<input type=\"hidden\" name=\"_wpcf7_locale\" value=\"fr_FR\" \/>\n<input type=\"hidden\" name=\"_wpcf7_unit_tag\" value=\"wpcf7-f314-o1\" \/>\n<input type=\"hidden\" name=\"_wpcf7_container_post\" value=\"0\" \/>\n<input type=\"hidden\" name=\"g-recaptcha-response\" value=\"\" \/>\n<\/div>\n<p><label> Votre nom (obligatoire)<br \/>\n    <span class=\"wpcf7-form-control-wrap your-name\"><input type=\"text\" name=\"your-name\" value=\"\" size=\"40\" class=\"wpcf7-form-control wpcf7-text wpcf7-validates-as-required\" aria-required=\"true\" aria-invalid=\"false\" \/><\/span> <\/label><\/p>\n<p><label> Votre adresse de messagerie (obligatoire)<br \/>\n    <span class=\"wpcf7-form-control-wrap your-email\"><input type=\"email\" name=\"your-email\" value=\"\" size=\"40\" class=\"wpcf7-form-control wpcf7-text wpcf7-email wpcf7-validates-as-required wpcf7-validates-as-email\" aria-required=\"true\" aria-invalid=\"false\" \/><\/span> <\/label><\/p>\n<p><label> Objet<br \/>\n    <span class=\"wpcf7-form-control-wrap your-subject\"><input type=\"text\" name=\"your-subject\" value=\"\" size=\"40\" class=\"wpcf7-form-control wpcf7-text\" aria-invalid=\"false\" \/><\/span> <\/label><\/p>\n<p><label> Votre message<br \/>\n    <span class=\"wpcf7-form-control-wrap your-message\"><textarea name=\"your-message\" cols=\"40\" rows=\"10\" class=\"wpcf7-form-control wpcf7-textarea\" aria-invalid=\"false\"><\/textarea><\/span> <\/label><br \/>\n<label> Pour valider votre envoi, recopiez le texte suivant : <span class=\"wpcf7-form-control-wrap quiz-769\"><label><span class=\"wpcf7-quiz-label\">mavoix\/30<\/span> <input type=\"text\" name=\"quiz-769\" size=\"40\" class=\"wpcf7-form-control wpcf7-quiz\" autocomplete=\"off\" aria-required=\"true\" aria-invalid=\"false\" \/><\/label><input type=\"hidden\" name=\"_wpcf7_quiz_answer_quiz-769\" value=\"8bd14ad094ee0c337e8f2db825c07d59\" \/><\/span><\/label><br \/>\n<input type=\"submit\" value=\"Envoyer\" class=\"wpcf7-form-control wpcf7-submit\" \/><\/p>\n<p style=\"display: none !important;\"><label>&#916;<textarea name=\"_wpcf7_ak_hp_textarea\" cols=\"45\" rows=\"8\" maxlength=\"100\"><\/textarea><\/label><input type=\"hidden\" id=\"ak_js_1\" name=\"_wpcf7_ak_js\" value=\"230\"\/><script>document.getElementById( \"ak_js_1\" ).setAttribute( \"value\", ( new Date() ).getTime() );<\/script><\/p><div class=\"wpcf7-response-output wpcf7-display-none\"><\/div><\/form><\/div>\n\n\n\n<hr class=\"wp-block-separator\"\/>\n\n\n\n<div class=\"wp-block-media-text alignwide has-media-on-the-right has-background has-very-light-gray-background-color is-stacked-on-mobile\" style=\"grid-template-columns:auto 28%\"><figure class=\"wp-block-media-text__media\"><img loading=\"lazy\" decoding=\"async\" width=\"640\" height=\"513\" src=\"http:\/\/univoix.fr\/wp-content\/uploads\/2021\/03\/typewriter-159878_640.png\" alt=\"Espace blog : articles\" class=\"wp-image-1538\" srcset=\"http:\/\/univoix.fr\/wp-content\/uploads\/2021\/03\/typewriter-159878_640.png 640w, http:\/\/univoix.fr\/wp-content\/uploads\/2021\/03\/typewriter-159878_640-300x240.png 300w\" sizes=\"auto, (max-width: 640px) 100vw, 640px\" \/><\/figure><div class=\"wp-block-media-text__content\">\n<p class=\"has-text-color has-text-align-center has-medium-font-size has-vivid-red-color\">ESPACE BLOG<\/p>\n\n\n\n<p class=\"has-text-align-center has-medium-font-size\"><em>Notre s\u00e9lection d&#8217;articles<\/em><br>* <a href=\"http:\/\/univoix.fr\/index.php\/2019\/11\/28\/oser-sexprimer-un-exercice-pratique-pour-avoir-confiance-en-soi\/\">Un exercice pratique pour avoir confiance en soi<\/a><br>* <a href=\"http:\/\/univoix.fr\/index.php\/2012\/03\/26\/vaincre-le-trac\/\">Vaincre le trac<\/a><br>* <a href=\"http:\/\/univoix.fr\/index.php\/2012\/04\/02\/une-astuce-pour-combattre-le-stress\/\">Une astuce pour combattre le stress<\/a><\/p>\n\n\n\n<div class=\"wp-block-buttons aligncenter is-layout-flex wp-block-buttons-is-layout-flex\">\n<div class=\"wp-block-button\"><a class=\"wp-block-button__link has-background has-vivid-red-background-color\" href=\"http:\/\/univoix.fr\/index.php\/blog\/\" target=\"_blank\" rel=\"noreferrer noopener\">Plus d&#8217;articles<\/a><\/div>\n<\/div>\n\n\n\n<p><\/p>\n<\/div><\/div>\n\n\n\n<hr class=\"wp-block-separator\"\/>\n\n\n\n<p><\/p>\n","protected":false},"excerpt":{"rendered":"<p>Comment oser prendre la parole et s&#8217;exprimer ? Comment oser s&#8217;affirmer et \u00eatre soi ? Comment prendre pleinement sa place face \u00e0 l&#8217;autre sans bafouiller, sans perdre ses mots ou s&#8217;\u00e9teindre ? Comment se sentir exister dans un monde satur\u00e9 par la communication ? Savoir s&#8217;exprimer ne suffit pas. Il faut aussi pouvoir oser s&#8217;exprimer<\/p>\n<p><a href=\"http:\/\/univoix.fr\/index.php\/etre-soi-et-oser-sexprimer-oser-prendre-la-parole-avec-confiance\/\" class=\"more-link themebutton\">Read More<\/a><\/p>\n","protected":false},"author":1,"featured_media":0,"parent":0,"menu_order":0,"comment_status":"closed","ping_status":"closed","template":"","meta":{"footnotes":""},"class_list":["post-1506","page","type-page","status-publish","hentry"],"_links":{"self":[{"href":"http:\/\/univoix.fr\/index.php\/wp-json\/wp\/v2\/pages\/1506","targetHints":{"allow":["GET"]}}],"collection":[{"href":"http:\/\/univoix.fr\/index.php\/wp-json\/wp\/v2\/pages"}],"about":[{"href":"http:\/\/univoix.fr\/index.php\/wp-json\/wp\/v2\/types\/page"}],"author":[{"embeddable":true,"href":"http:\/\/univoix.fr\/index.php\/wp-json\/wp\/v2\/users\/1"}],"replies":[{"embeddable":true,"href":"http:\/\/univoix.fr\/index.php\/wp-json\/wp\/v2\/comments?post=1506"}],"version-history":[{"count":43,"href":"http:\/\/univoix.fr\/index.php\/wp-json\/wp\/v2\/pages\/1506\/revisions"}],"predecessor-version":[{"id":1571,"href":"http:\/\/univoix.fr\/index.php\/wp-json\/wp\/v2\/pages\/1506\/revisions\/1571"}],"wp:attachment":[{"href":"http:\/\/univoix.fr\/index.php\/wp-json\/wp\/v2\/media?parent=1506"}],"curies":[{"name":"wp","href":"https:\/\/api.w.org\/{rel}","templated":true}]}}