{"id":459,"date":"2019-07-01T20:32:56","date_gmt":"2019-07-01T18:32:56","guid":{"rendered":"http:\/\/univoix.fr\/?page_id=459"},"modified":"2019-11-27T19:19:34","modified_gmt":"2019-11-27T18:19:34","slug":"developpement-2","status":"publish","type":"page","link":"http:\/\/univoix.fr\/index.php\/developpement-2\/","title":{"rendered":"D\u00e9veloppement"},"content":{"rendered":"\n<div class=\"wp-block-media-text alignwide has-very-light-gray-background-color\"><figure class=\"wp-block-media-text__media\"><img loading=\"lazy\" decoding=\"async\" width=\"1024\" height=\"682\" src=\"http:\/\/univoix.fr\/wp-content\/uploads\/2019\/07\/business-561387_1280-1024x682.jpg\" alt=\"\" class=\"wp-image-563\" srcset=\"http:\/\/univoix.fr\/wp-content\/uploads\/2019\/07\/business-561387_1280-1024x682.jpg 1024w, http:\/\/univoix.fr\/wp-content\/uploads\/2019\/07\/business-561387_1280-300x200.jpg 300w, http:\/\/univoix.fr\/wp-content\/uploads\/2019\/07\/business-561387_1280-768x512.jpg 768w, http:\/\/univoix.fr\/wp-content\/uploads\/2019\/07\/business-561387_1280-1140x760.jpg 1140w, http:\/\/univoix.fr\/wp-content\/uploads\/2019\/07\/business-561387_1280-570x380.jpg 570w, http:\/\/univoix.fr\/wp-content\/uploads\/2019\/07\/business-561387_1280-380x254.jpg 380w, http:\/\/univoix.fr\/wp-content\/uploads\/2019\/07\/business-561387_1280-285x190.jpg 285w, http:\/\/univoix.fr\/wp-content\/uploads\/2019\/07\/business-561387_1280-272x182.jpg 272w, http:\/\/univoix.fr\/wp-content\/uploads\/2019\/07\/business-561387_1280.jpg 1280w\" sizes=\"auto, (max-width: 1024px) 100vw, 1024px\" \/><\/figure><div class=\"wp-block-media-text__content\">\n<p class=\"has-text-color has-medium-font-size has-very-dark-gray-color\">La vie est adaptation et <strong>s&#8217;adapter<\/strong> c&#8217;est \u00eatre \u00e0 m\u00eame de <strong>se r\u00e9inventer<\/strong> chaque jour, selon le <strong>feedback<\/strong> que l&#8217;on re\u00e7oit. <\/p>\n<\/div><\/div>\n\n\n\n<hr class=\"wp-block-separator\"\/>\n\n\n\n<p style=\"font-size:18px\" class=\"has-text-color has-very-dark-gray-color\"> Le <strong>processus d&#8217;\u00e9volution<\/strong> est un ph\u00e9nom\u00e8ne naturel <strong>continu<\/strong>. Rien n&#8217;est parfait, rien n&#8217;est fig\u00e9, tout \u00e9volue et se <strong>construit<\/strong> au fur et \u00e0 mesure. Et engager une quelconque <strong>transformation<\/strong> au sein d&#8217;une entreprise ou dans ses r\u00e9sultats personnels commence par <strong>se transformer soi-m\u00eame<\/strong> en acqu\u00e9rant sans cesse de nouvelles connaissances, un <strong>\u00e9tat d&#8217;esprit<\/strong> fort et des <strong>comp\u00e9tences <\/strong>porteuses. <\/p>\n\n\n\n<hr class=\"wp-block-separator\"\/>\n\n\n\n<div class=\"wp-block-media-text alignwide has-media-on-the-right has-very-light-gray-background-color\"><figure class=\"wp-block-media-text__media\"><img loading=\"lazy\" decoding=\"async\" width=\"1024\" height=\"674\" src=\"http:\/\/univoix.fr\/wp-content\/uploads\/2019\/11\/marketing-3468598_1280-1024x674.jpg\" alt=\"\" class=\"wp-image-1131\" srcset=\"http:\/\/univoix.fr\/wp-content\/uploads\/2019\/11\/marketing-3468598_1280-1024x674.jpg 1024w, http:\/\/univoix.fr\/wp-content\/uploads\/2019\/11\/marketing-3468598_1280-300x197.jpg 300w, http:\/\/univoix.fr\/wp-content\/uploads\/2019\/11\/marketing-3468598_1280-768x505.jpg 768w, http:\/\/univoix.fr\/wp-content\/uploads\/2019\/11\/marketing-3468598_1280.jpg 1280w\" sizes=\"auto, (max-width: 1024px) 100vw, 1024px\" \/><\/figure><div class=\"wp-block-media-text__content\">\n<p class=\"has-medium-font-size\">Apprendre \u00e0 <strong>se d\u00e9passer<\/strong>, d\u00e9velopper ses comp\u00e9tences et <strong>vaincre ses limites<\/strong><\/p>\n<\/div><\/div>\n\n\n\n<hr class=\"wp-block-separator\"\/>\n\n\n\n<p style=\"font-size:18px\" class=\"has-text-color has-very-dark-gray-color\">Le <strong>d\u00e9veloppement de Soi<\/strong>, l&#8217;acquisition de<strong> comp\u00e9tences relationnelles<\/strong> et de <strong>strat\u00e9gies efficaces<\/strong> sont autant d&#8217;outils n\u00e9cessaires au bon d\u00e9veloppement non seulement d&#8217;une entreprise, mais de tout individu. <\/p>\n\n\n\n<p style=\"font-size:18px\" class=\"has-text-color has-very-dark-gray-color\">On ne peut dissocier l&#8217;entreprise, dans sa <strong>dimension \u00e9co-syst\u00e9mique<\/strong>, de l&#8217;humain et de son <strong>lien<\/strong> au monde du vivant. Le capital d&#8217;un tel \u00e9cosyst\u00e8me n&#8217;est pas que financier mais bien <strong>social<\/strong>, <strong>relationnel<\/strong>, \u00e9motionnel, id\u00e9ologique voir spirituel. <\/p>\n\n\n\n<hr class=\"wp-block-separator\"\/>\n\n\n\n<div class=\"wp-block-media-text alignwide has-very-light-gray-background-color\"><figure class=\"wp-block-media-text__media\"><img loading=\"lazy\" decoding=\"async\" width=\"1024\" height=\"650\" src=\"http:\/\/univoix.fr\/wp-content\/uploads\/2019\/07\/nature-2592000_1280-1024x650.jpg\" alt=\"\" class=\"wp-image-546\" srcset=\"http:\/\/univoix.fr\/wp-content\/uploads\/2019\/07\/nature-2592000_1280-1024x650.jpg 1024w, http:\/\/univoix.fr\/wp-content\/uploads\/2019\/07\/nature-2592000_1280-300x190.jpg 300w, http:\/\/univoix.fr\/wp-content\/uploads\/2019\/07\/nature-2592000_1280-768x487.jpg 768w, http:\/\/univoix.fr\/wp-content\/uploads\/2019\/07\/nature-2592000_1280.jpg 1280w\" sizes=\"auto, (max-width: 1024px) 100vw, 1024px\" \/><\/figure><div class=\"wp-block-media-text__content\">\n<p class=\"has-text-color has-medium-font-size has-very-dark-gray-color\">En d\u00e9finissant clairement qui nous sommes, quelles sont nos <strong>valeurs<\/strong>, nos <strong>motivations<\/strong>, nos <strong>objectifs<\/strong>, nous sommes plus \u00e0 m\u00eame de suivre la bonne <strong>direction<\/strong>. Une <strong>entreprise<\/strong> qui n&#8217;aurait pas de vision claire, de <strong>mission<\/strong> ou de valeurs \u00e0 d\u00e9fendre serait comme un navire sans boussole, vou\u00e9e \u00e0 se perdre, ou pire : \u00e0 s&#8217;\u00e9chouer&#8230;<\/p>\n<\/div><\/div>\n\n\n\n<hr class=\"wp-block-separator\"\/>\n\n\n\n<p style=\"font-size:18px\" class=\"has-text-color has-very-dark-gray-color\">Et la communication est au coeur de ce syst\u00e8me. Sur ce plan, il est donc capital de faire preuve de <strong>transparence<\/strong>, de <strong>sinc\u00e9rit\u00e9<\/strong> et de <strong>lucidit\u00e9<\/strong> sur les \u00e9checs rencontr\u00e9s et les progr\u00e8s \u00e0 faire. En un mot il est capital de faire preuve d&#8217;<strong>humilit\u00e9<\/strong> et <strong>d&#8217;humanit\u00e9<\/strong>. Les failles, les erreurs, les faiblesses sont un passage oblig\u00e9 de toute \u00e9volution humaine. Une personne ou une entreprise capable de <strong>cr\u00e9er du lien<\/strong> avec son audience est toujours transparente, <strong>\u00e0 l&#8217;\u00e9coute<\/strong>, engag\u00e9e dans une d\u00e9marche de progression et en recherche constante de <strong>Feedback<\/strong> et <strong>d&#8217;\u00e9changes<\/strong>. <\/p>\n\n\n\n<hr class=\"wp-block-separator\"\/>\n\n\n\n<p style=\"text-align:center\" class=\"has-text-color has-background has-medium-font-size has-vivid-red-color has-very-light-gray-background-color\">CONSULTING &#8211; COACHING<\/p>\n\n\n\n<p style=\"font-size:18px\" class=\"has-text-color has-very-dark-gray-color\">Besoin de <strong>vous faire accompagner<\/strong> dans votre progression et votre communication ? Contactez Claire ! <\/p>\n\n\n<div role=\"form\" class=\"wpcf7\" id=\"wpcf7-f314-o1\" lang=\"fr-FR\" dir=\"ltr\">\n<div class=\"screen-reader-response\"><\/div>\n<form action=\"\/index.php\/wp-json\/wp\/v2\/pages\/459#wpcf7-f314-o1\" method=\"post\" class=\"wpcf7-form\" novalidate=\"novalidate\">\n<div style=\"display: none;\">\n<input type=\"hidden\" name=\"_wpcf7\" value=\"314\" \/>\n<input type=\"hidden\" name=\"_wpcf7_version\" value=\"5.1.6\" \/>\n<input type=\"hidden\" name=\"_wpcf7_locale\" value=\"fr_FR\" \/>\n<input type=\"hidden\" name=\"_wpcf7_unit_tag\" value=\"wpcf7-f314-o1\" \/>\n<input type=\"hidden\" name=\"_wpcf7_container_post\" value=\"0\" \/>\n<input type=\"hidden\" name=\"g-recaptcha-response\" value=\"\" \/>\n<\/div>\n<p><label> Votre nom (obligatoire)<br \/>\n    <span class=\"wpcf7-form-control-wrap your-name\"><input type=\"text\" name=\"your-name\" value=\"\" size=\"40\" class=\"wpcf7-form-control wpcf7-text wpcf7-validates-as-required\" aria-required=\"true\" aria-invalid=\"false\" \/><\/span> <\/label><\/p>\n<p><label> Votre adresse de messagerie (obligatoire)<br \/>\n    <span class=\"wpcf7-form-control-wrap your-email\"><input type=\"email\" name=\"your-email\" value=\"\" size=\"40\" class=\"wpcf7-form-control wpcf7-text wpcf7-email wpcf7-validates-as-required wpcf7-validates-as-email\" aria-required=\"true\" aria-invalid=\"false\" \/><\/span> <\/label><\/p>\n<p><label> Objet<br \/>\n    <span class=\"wpcf7-form-control-wrap your-subject\"><input type=\"text\" name=\"your-subject\" value=\"\" size=\"40\" class=\"wpcf7-form-control wpcf7-text\" aria-invalid=\"false\" \/><\/span> <\/label><\/p>\n<p><label> Votre message<br \/>\n    <span class=\"wpcf7-form-control-wrap your-message\"><textarea name=\"your-message\" cols=\"40\" rows=\"10\" class=\"wpcf7-form-control wpcf7-textarea\" aria-invalid=\"false\"><\/textarea><\/span> <\/label><br \/>\n<label> Pour valider votre envoi, recopiez le texte suivant : <span class=\"wpcf7-form-control-wrap quiz-769\"><label><span class=\"wpcf7-quiz-label\">mavoix\/30<\/span> <input type=\"text\" name=\"quiz-769\" size=\"40\" class=\"wpcf7-form-control wpcf7-quiz\" autocomplete=\"off\" aria-required=\"true\" aria-invalid=\"false\" \/><\/label><input type=\"hidden\" name=\"_wpcf7_quiz_answer_quiz-769\" value=\"8bd14ad094ee0c337e8f2db825c07d59\" \/><\/span><\/label><br \/>\n<input type=\"submit\" value=\"Envoyer\" class=\"wpcf7-form-control wpcf7-submit\" \/><\/p>\n<p style=\"display: none !important;\"><label>&#916;<textarea name=\"_wpcf7_ak_hp_textarea\" cols=\"45\" rows=\"8\" maxlength=\"100\"><\/textarea><\/label><input type=\"hidden\" id=\"ak_js_1\" name=\"_wpcf7_ak_js\" value=\"1\"\/><script>document.getElementById( \"ak_js_1\" ).setAttribute( \"value\", ( new Date() ).getTime() );<\/script><\/p><div class=\"wpcf7-response-output wpcf7-display-none\"><\/div><\/form><\/div>\n\n\n\n<hr class=\"wp-block-separator\"\/>\n\n\n\n<p style=\"text-align:center\" class=\"has-text-color has-background has-medium-font-size has-vivid-red-color has-very-light-gray-background-color\">ESPACE BLOG<\/p>\n\n\n\n<p style=\"font-size:18px\" class=\"has-text-color has-very-dark-gray-color\">Selon vos besoins et que vous soyez chef d\u2019entreprise ou simplement d\u00e9sireux de <strong>d\u00e9passer vos limites<\/strong>, vous trouverez dans l&#8217;<strong>espace blog<\/strong> ci-dessous, des articles vous permettant d&#8217;avancer dans votre progression personnelle, d&#8217;obtenir du feedback et de vous adapter constamment. <\/p>\n\n\n\n<hr class=\"wp-block-separator\"\/>\n\n\n\n<div class=\"wp-block-media-text alignwide has-media-on-the-right has-very-light-gray-background-color\"><figure class=\"wp-block-media-text__media\"><img loading=\"lazy\" decoding=\"async\" width=\"1024\" height=\"623\" src=\"http:\/\/univoix.fr\/wp-content\/uploads\/2019\/07\/office-3295556_1280-2-1024x623.jpg\" alt=\"\" class=\"wp-image-560\" srcset=\"http:\/\/univoix.fr\/wp-content\/uploads\/2019\/07\/office-3295556_1280-2-1024x623.jpg 1024w, http:\/\/univoix.fr\/wp-content\/uploads\/2019\/07\/office-3295556_1280-2-300x183.jpg 300w, http:\/\/univoix.fr\/wp-content\/uploads\/2019\/07\/office-3295556_1280-2-768x467.jpg 768w, http:\/\/univoix.fr\/wp-content\/uploads\/2019\/07\/office-3295556_1280-2.jpg 1280w\" sizes=\"auto, (max-width: 1024px) 100vw, 1024px\" \/><\/figure><div class=\"wp-block-media-text__content\">\n<p class=\"has-text-color has-medium-font-size has-very-dark-gray-color\">Se fixer des <strong>objectifs porteurs<\/strong> et acqu\u00e9rir les <strong>strat\u00e9gies<\/strong> pour les r\u00e9aliser&#8230;<\/p>\n<\/div><\/div>\n\n\n\n<div class=\"wp-block-button aligncenter is-style-outline is-style-outline--1\"><a class=\"wp-block-button__link has-text-color has-vivid-red-color has-background has-very-light-gray-background-color\" href=\"http:\/\/univoix.fr\/index.php\/category\/developpement-personnel-progression-feedback\/\">  &#8212;   D\u00e9veloppement Personnel &#8211; Progression &#8211; Feedback   &#8212;     <\/a><\/div>\n\n\n\n<p style=\"font-size:18px\" class=\"has-text-color has-very-dark-gray-color\"><em>Notre s\u00e9lection d\u2019articles :&nbsp;<br>*&nbsp; <a rel=\"noreferrer noopener\" aria-label=\"Plan d'action : 3 \u00e9tapes essentielles (s\u2019ouvre dans un nouvel onglet)\" href=\"http:\/\/univoix.fr\/index.php\/2019\/07\/18\/plan-daction-3-etapes-essentielles\/\" target=\"_blank\">Plan d&#8217;action : 3 \u00e9tapes essentielles<\/a><br>*  <\/em><a rel=\"noreferrer noopener\" href=\"http:\/\/univoix.fr\/index.php\/2012\/03\/26\/vaincre-le-trac\/\" target=\"_blank\"><em>Vaincre le trac<\/em><\/a><em><br>*&nbsp; <\/em><a rel=\"noreferrer noopener\" href=\"http:\/\/univoix.fr\/index.php\/2012\/04\/02\/une-astuce-pour-combattre-le-stress\/\" target=\"_blank\"><em>Une astuce pour combattre le stress<\/em><\/a><em><br>*<\/em>  <em><a rel=\"noreferrer noopener\" href=\"http:\/\/univoix.fr\/index.php\/2012\/06\/01\/avez-vous-reellement-du-temps-a-perdre\/\" target=\"_blank\">Avez-vous r\u00e9ellement du temps \u00e0 perdre ?<\/a><\/em><\/p>\n\n\n\n<hr class=\"wp-block-separator\"\/>\n\n\n\n<p style=\"font-size:18px\" class=\"has-text-color has-very-dark-gray-color\">De nombreuses <strong>sessions de coaching<\/strong>, <strong>ateliers<\/strong> et <strong>formations<\/strong> en pr\u00e9sentiel ou en ligne sont disponibles au fur et \u00e0 mesure de l&#8217;ann\u00e9e. <\/p>\n\n\n\n<hr class=\"wp-block-separator\"\/>\n\n\n\n<div class=\"wp-block-media-text alignwide has-very-light-gray-background-color\"><figure class=\"wp-block-media-text__media\"><img loading=\"lazy\" decoding=\"async\" width=\"1024\" height=\"309\" src=\"http:\/\/univoix.fr\/wp-content\/uploads\/2019\/09\/Capture-d\u2019\u00e9cran-2019-09-23-\u00e0-22.23.58-1024x309.png\" alt=\"\" class=\"wp-image-1008\" srcset=\"http:\/\/univoix.fr\/wp-content\/uploads\/2019\/09\/Capture-d\u2019\u00e9cran-2019-09-23-\u00e0-22.23.58-1024x309.png 1024w, http:\/\/univoix.fr\/wp-content\/uploads\/2019\/09\/Capture-d\u2019\u00e9cran-2019-09-23-\u00e0-22.23.58-300x91.png 300w, http:\/\/univoix.fr\/wp-content\/uploads\/2019\/09\/Capture-d\u2019\u00e9cran-2019-09-23-\u00e0-22.23.58-768x232.png 768w\" sizes=\"auto, (max-width: 1024px) 100vw, 1024px\" \/><\/figure><div class=\"wp-block-media-text__content\">\n<p style=\"text-align:center\" class=\"has-text-color has-medium-font-size has-vivid-red-color\"><strong>EXPRESSION DE SOI<\/strong><\/p>\n<\/div><\/div>\n\n\n\n<div class=\"wp-block-media-text alignwide has-media-on-the-right has-very-light-gray-background-color\"><figure class=\"wp-block-media-text__media\"><img loading=\"lazy\" decoding=\"async\" width=\"1024\" height=\"406\" src=\"http:\/\/univoix.fr\/wp-content\/uploads\/2019\/09\/businessman-1492562_1280-1024x406.jpg\" alt=\"\" class=\"wp-image-1006\" srcset=\"http:\/\/univoix.fr\/wp-content\/uploads\/2019\/09\/businessman-1492562_1280-1024x406.jpg 1024w, http:\/\/univoix.fr\/wp-content\/uploads\/2019\/09\/businessman-1492562_1280-300x119.jpg 300w, http:\/\/univoix.fr\/wp-content\/uploads\/2019\/09\/businessman-1492562_1280-768x304.jpg 768w, http:\/\/univoix.fr\/wp-content\/uploads\/2019\/09\/businessman-1492562_1280.jpg 1280w\" sizes=\"auto, (max-width: 1024px) 100vw, 1024px\" \/><\/figure><div class=\"wp-block-media-text__content\">\n<p class=\"has-text-color has-medium-font-size has-vivid-red-color\"><strong>COMMUNICATION D&#8217;ENTREPRISE<\/strong><\/p>\n<\/div><\/div>\n\n\n\n<hr class=\"wp-block-separator\"\/>\n\n\n\n<p style=\"font-size:18px\" class=\"has-text-color has-very-dark-gray-color\">Vous \u00eates un professionnel ou un particulier d\u00e9sireux d&#8217;am\u00e9liorer vos <strong>comp\u00e9tences relationnelles <\/strong>ou la <strong>communication<\/strong> de votre entreprise ? <\/p>\n\n\n\n<p style=\"font-size:18px\">D\u00e9couvrez nos diff\u00e9rentes prestations ci-dessous :<\/p>\n\n\n\n<div class=\"wp-block-button aligncenter is-style-outline is-style-outline--2\"><a class=\"wp-block-button__link has-text-color has-vivid-red-color has-background has-very-light-gray-background-color\" href=\"http:\/\/univoix.fr\/index.php\/ateliers-et-formations\/\">Se D\u00e9velopper &#8211; Se Former<\/a><\/div>\n\n\n\n<hr class=\"wp-block-separator\"\/>\n\n\n\n<div class=\"wp-block-media-text alignwide has-very-light-gray-background-color\"><figure class=\"wp-block-media-text__media\"><img loading=\"lazy\" decoding=\"async\" width=\"1024\" height=\"683\" src=\"http:\/\/univoix.fr\/wp-content\/uploads\/2019\/07\/stairway-828883_1280-1024x683.jpg\" alt=\"\" class=\"wp-image-411\" srcset=\"http:\/\/univoix.fr\/wp-content\/uploads\/2019\/07\/stairway-828883_1280-1024x683.jpg 1024w, http:\/\/univoix.fr\/wp-content\/uploads\/2019\/07\/stairway-828883_1280-300x200.jpg 300w, http:\/\/univoix.fr\/wp-content\/uploads\/2019\/07\/stairway-828883_1280-768x512.jpg 768w, http:\/\/univoix.fr\/wp-content\/uploads\/2019\/07\/stairway-828883_1280-1140x760.jpg 1140w, http:\/\/univoix.fr\/wp-content\/uploads\/2019\/07\/stairway-828883_1280-570x380.jpg 570w, http:\/\/univoix.fr\/wp-content\/uploads\/2019\/07\/stairway-828883_1280-380x254.jpg 380w, http:\/\/univoix.fr\/wp-content\/uploads\/2019\/07\/stairway-828883_1280-285x190.jpg 285w, http:\/\/univoix.fr\/wp-content\/uploads\/2019\/07\/stairway-828883_1280-272x182.jpg 272w, http:\/\/univoix.fr\/wp-content\/uploads\/2019\/07\/stairway-828883_1280.jpg 1280w\" sizes=\"auto, (max-width: 1024px) 100vw, 1024px\" \/><\/figure><div class=\"wp-block-media-text__content\">\n<p style=\"text-align:center\" class=\"has-text-color has-large-font-size has-vivid-red-color\">L&#8217;\u00e9cole de la Relation<\/p>\n<\/div><\/div>\n\n\n\n<hr class=\"wp-block-separator\"\/>\n\n\n\n<p style=\"font-size:18px\" class=\"has-text-color has-very-dark-gray-color\">Envie de conna\u00eetre notre <strong>actualit\u00e9<\/strong> ? Toutes les informations sur les derni\u00e8res activit\u00e9s en cours et les liens d&#8217;inscription sont disponibles ici : <\/p>\n\n\n\n<div class=\"wp-block-button aligncenter is-style-outline is-style-outline--3\"><a class=\"wp-block-button__link has-text-color has-vivid-red-color has-background has-very-light-gray-background-color\" href=\"http:\/\/univoix.fr\/index.php\/category\/formation-audit-coaching\/\">&#8212; Formations &#8211; Audit &#8211; Coaching &#8212;<\/a><\/div>\n\n\n\n<hr class=\"wp-block-separator\"\/>\n\n\n\n<div class=\"wp-block-media-text alignwide has-very-light-gray-background-color\" style=\"grid-template-columns:29% auto\"><figure class=\"wp-block-media-text__media\"><img loading=\"lazy\" decoding=\"async\" width=\"440\" height=\"475\" src=\"http:\/\/univoix.fr\/wp-content\/uploads\/2019\/11\/claireprofil-copie.jpg\" alt=\"\" class=\"wp-image-1079\" srcset=\"http:\/\/univoix.fr\/wp-content\/uploads\/2019\/11\/claireprofil-copie.jpg 440w, http:\/\/univoix.fr\/wp-content\/uploads\/2019\/11\/claireprofil-copie-278x300.jpg 278w\" sizes=\"auto, (max-width: 440px) 100vw, 440px\" \/><\/figure><div class=\"wp-block-media-text__content\">\n<p style=\"font-size:18px\" class=\"has-text-color has-very-dark-gray-color\"><em>&#8221; Pour \u00eatre \u00e0 m\u00eame de se d\u00e9velopper en tant qu&#8217;entreprise ou en tant qu&#8217;individu propre, il est indispensable de cultiver une <\/em><strong><em>identit\u00e9 forte <\/em><\/strong><em>d&#8217;une part, et de savoir la <\/em><strong><em>communiquer <\/em><\/strong><em>de l&#8217;autre. &#8220;<\/em><\/p>\n<\/div><\/div>\n\n\n\n<hr class=\"wp-block-separator\"\/>\n\n\n\n<p style=\"text-align:center\" class=\"has-background has-medium-font-size has-very-light-gray-background-color\">Tout savoir sur le <strong>personal branding<\/strong>, le vision board, le <strong>marketing \u00e9motionnel<\/strong>, les sciences sociales ou la <strong>communication<\/strong> ? C&#8217;est ici : <br><strong><a rel=\"noreferrer noopener\" aria-label=\"IDENTIT\u00c9 (s\u2019ouvre dans un nouvel onglet)\" href=\"http:\/\/univoix.fr\/index.php\/identite\/\" target=\"_blank\">IDENTIT\u00c9<\/a><\/strong><br><strong><a rel=\"noreferrer noopener\" aria-label=\"COMMUNICATION (s\u2019ouvre dans un nouvel onglet)\" href=\"http:\/\/univoix.fr\/index.php\/communication\/\" target=\"_blank\">COMMUNICATION<\/a><\/strong><\/p>\n","protected":false},"excerpt":{"rendered":"<p>La vie est adaptation et s&#8217;adapter c&#8217;est \u00eatre \u00e0 m\u00eame de se r\u00e9inventer chaque jour, selon le feedback que l&#8217;on re\u00e7oit. Le processus d&#8217;\u00e9volution est un ph\u00e9nom\u00e8ne naturel continu. Rien n&#8217;est parfait, rien n&#8217;est fig\u00e9, tout \u00e9volue et se construit au fur et \u00e0 mesure. Et engager une quelconque transformation au sein d&#8217;une entreprise ou<\/p>\n<p><a href=\"http:\/\/univoix.fr\/index.php\/developpement-2\/\" class=\"more-link themebutton\">Read More<\/a><\/p>\n","protected":false},"author":1,"featured_media":0,"parent":0,"menu_order":0,"comment_status":"closed","ping_status":"closed","template":"","meta":{"footnotes":""},"class_list":["post-459","page","type-page","status-publish","hentry"],"_links":{"self":[{"href":"http:\/\/univoix.fr\/index.php\/wp-json\/wp\/v2\/pages\/459","targetHints":{"allow":["GET"]}}],"collection":[{"href":"http:\/\/univoix.fr\/index.php\/wp-json\/wp\/v2\/pages"}],"about":[{"href":"http:\/\/univoix.fr\/index.php\/wp-json\/wp\/v2\/types\/page"}],"author":[{"embeddable":true,"href":"http:\/\/univoix.fr\/index.php\/wp-json\/wp\/v2\/users\/1"}],"replies":[{"embeddable":true,"href":"http:\/\/univoix.fr\/index.php\/wp-json\/wp\/v2\/comments?post=459"}],"version-history":[{"count":40,"href":"http:\/\/univoix.fr\/index.php\/wp-json\/wp\/v2\/pages\/459\/revisions"}],"predecessor-version":[{"id":1132,"href":"http:\/\/univoix.fr\/index.php\/wp-json\/wp\/v2\/pages\/459\/revisions\/1132"}],"wp:attachment":[{"href":"http:\/\/univoix.fr\/index.php\/wp-json\/wp\/v2\/media?parent=459"}],"curies":[{"name":"wp","href":"https:\/\/api.w.org\/{rel}","templated":true}]}}