{"id":464,"date":"2019-07-01T20:43:02","date_gmt":"2019-07-01T18:43:02","guid":{"rendered":"http:\/\/univoix.fr\/?page_id=464"},"modified":"2019-11-27T18:45:57","modified_gmt":"2019-11-27T17:45:57","slug":"identite","status":"publish","type":"page","link":"http:\/\/univoix.fr\/index.php\/identite\/","title":{"rendered":"Identit\u00e9"},"content":{"rendered":"\n<p style=\"text-align:left\" class=\"has-text-color has-background has-medium-font-size has-vivid-red-color has-very-light-gray-background-color\"><em>&#8220;Prendre place dans ce monde tout en restant soi-m\u00eame : une entit\u00e9 unique et cr\u00e9ative &#8230;<\/em>&#8220;<\/p>\n\n\n\n<p style=\"font-size:17px\">Comment <strong>\u00e9voluer<\/strong> et <strong>exister<\/strong> dans ce monde hyper connect\u00e9, en mouvement perp\u00e9tuel, rempli de <strong>sollicitations<\/strong> et d&#8217;<strong>informations<\/strong> de toutes sortes dans lequel il est facile de perdre de vue son <strong>identit\u00e9<\/strong> ?<\/p>\n\n\n\n<div class=\"wp-block-media-text alignwide has-very-light-gray-background-color\"><figure class=\"wp-block-media-text__media\"><img loading=\"lazy\" decoding=\"async\" width=\"1024\" height=\"683\" src=\"http:\/\/univoix.fr\/wp-content\/uploads\/2019\/07\/lion-2071739_1280-1024x683.jpg\" alt=\"\" class=\"wp-image-554\" srcset=\"http:\/\/univoix.fr\/wp-content\/uploads\/2019\/07\/lion-2071739_1280-1024x683.jpg 1024w, http:\/\/univoix.fr\/wp-content\/uploads\/2019\/07\/lion-2071739_1280-300x200.jpg 300w, http:\/\/univoix.fr\/wp-content\/uploads\/2019\/07\/lion-2071739_1280-768x512.jpg 768w, http:\/\/univoix.fr\/wp-content\/uploads\/2019\/07\/lion-2071739_1280-1140x760.jpg 1140w, http:\/\/univoix.fr\/wp-content\/uploads\/2019\/07\/lion-2071739_1280-570x380.jpg 570w, http:\/\/univoix.fr\/wp-content\/uploads\/2019\/07\/lion-2071739_1280-380x254.jpg 380w, http:\/\/univoix.fr\/wp-content\/uploads\/2019\/07\/lion-2071739_1280-285x190.jpg 285w, http:\/\/univoix.fr\/wp-content\/uploads\/2019\/07\/lion-2071739_1280-272x182.jpg 272w, http:\/\/univoix.fr\/wp-content\/uploads\/2019\/07\/lion-2071739_1280.jpg 1280w\" sizes=\"auto, (max-width: 1024px) 100vw, 1024px\" \/><\/figure><div class=\"wp-block-media-text__content\">\n<p class=\"has-text-color has-medium-font-size has-vivid-red-color\">Lorsque la <strong>force<\/strong> na\u00eet de l&#8217;asp\u00e9rit\u00e9&#8230; Oser <strong>\u00eatre unique<\/strong>, diff\u00e9rent et <strong>s&#8217;affirmer<\/strong> en milieu satur\u00e9 d&#8217;informations<\/p>\n<\/div><\/div>\n\n\n\n<p style=\"font-size:18px\"><strong>Cultiver sa diff\u00e9rence<\/strong>, comprendre ce qui fait notre <strong>sp\u00e9cificit\u00e9 <\/strong>et ce qui peut nous distinguer de la masse environnante n&#8217;est pas toujours chose ais\u00e9e. Mais c&#8217;est bien ce qui peut vous rendre <strong>existant <\/strong>aux yeux du monde. <\/p>\n\n\n\n<p style=\"font-size:18px\">Cependant le <strong>talent<\/strong> le plus <strong>remarquable<\/strong> ne peut esp\u00e9rer aucune <strong>reconnaissance<\/strong> sans visibilit\u00e9. Vous pouvez \u00eatre l&#8217;entreprise la plus <strong>qualitative<\/strong> et la plus g\u00e9niale du secteur, si vous restez <strong>invisible<\/strong> ou incapable de projeter une <strong>image cr\u00e9dible<\/strong>, aucun <strong>d\u00e9veloppement<\/strong> n&#8217;est possible. <\/p>\n\n\n\n<p class=\"has-text-color has-background has-medium-font-size has-vivid-red-color has-very-light-gray-background-color\">CONSULTING &#8211; COACHING<\/p>\n\n\n\n<p class=\"has-text-color has-medium-font-size has-vivid-red-color\"><em>Besoin d&#8217;\u00eatre accompagn\u00e9 ?<\/em><\/p>\n\n\n\n<p style=\"font-size:18px\">Formation, Audit, Coaching, Claire peut vous conseiller ou vous former \u00e0 vous <strong>r\u00e9v\u00e9ler,<\/strong> \u00e0 vous distinguer de la masse et faire de votre <strong>communication<\/strong> et de votre <strong>image <\/strong>un outil efficace. <\/p>\n\n\n\n<div role=\"form\" class=\"wpcf7\" id=\"wpcf7-f314-o1\" lang=\"fr-FR\" dir=\"ltr\">\n<div class=\"screen-reader-response\"><\/div>\n<form action=\"\/index.php\/wp-json\/wp\/v2\/pages\/464#wpcf7-f314-o1\" method=\"post\" class=\"wpcf7-form\" novalidate=\"novalidate\">\n<div style=\"display: none;\">\n<input type=\"hidden\" name=\"_wpcf7\" value=\"314\" \/>\n<input type=\"hidden\" name=\"_wpcf7_version\" value=\"5.1.6\" \/>\n<input type=\"hidden\" name=\"_wpcf7_locale\" value=\"fr_FR\" \/>\n<input type=\"hidden\" name=\"_wpcf7_unit_tag\" value=\"wpcf7-f314-o1\" \/>\n<input type=\"hidden\" name=\"_wpcf7_container_post\" value=\"0\" \/>\n<input type=\"hidden\" name=\"g-recaptcha-response\" value=\"\" \/>\n<\/div>\n<p><label> Votre nom (obligatoire)<br \/>\n    <span class=\"wpcf7-form-control-wrap your-name\"><input type=\"text\" name=\"your-name\" value=\"\" size=\"40\" class=\"wpcf7-form-control wpcf7-text wpcf7-validates-as-required\" aria-required=\"true\" aria-invalid=\"false\" \/><\/span> <\/label><\/p>\n<p><label> Votre adresse de messagerie (obligatoire)<br \/>\n    <span class=\"wpcf7-form-control-wrap your-email\"><input type=\"email\" name=\"your-email\" value=\"\" size=\"40\" class=\"wpcf7-form-control wpcf7-text wpcf7-email wpcf7-validates-as-required wpcf7-validates-as-email\" aria-required=\"true\" aria-invalid=\"false\" \/><\/span> <\/label><\/p>\n<p><label> Objet<br \/>\n    <span class=\"wpcf7-form-control-wrap your-subject\"><input type=\"text\" name=\"your-subject\" value=\"\" size=\"40\" class=\"wpcf7-form-control wpcf7-text\" aria-invalid=\"false\" \/><\/span> <\/label><\/p>\n<p><label> Votre message<br \/>\n    <span class=\"wpcf7-form-control-wrap your-message\"><textarea name=\"your-message\" cols=\"40\" rows=\"10\" class=\"wpcf7-form-control wpcf7-textarea\" aria-invalid=\"false\"><\/textarea><\/span> <\/label><br \/>\n<label> Pour valider votre envoi, recopiez le texte suivant : <span class=\"wpcf7-form-control-wrap quiz-769\"><label><span class=\"wpcf7-quiz-label\">mavoix\/30<\/span> <input type=\"text\" name=\"quiz-769\" size=\"40\" class=\"wpcf7-form-control wpcf7-quiz\" autocomplete=\"off\" aria-required=\"true\" aria-invalid=\"false\" \/><\/label><input type=\"hidden\" name=\"_wpcf7_quiz_answer_quiz-769\" value=\"8bd14ad094ee0c337e8f2db825c07d59\" \/><\/span><\/label><br \/>\n<input type=\"submit\" value=\"Envoyer\" class=\"wpcf7-form-control wpcf7-submit\" \/><\/p>\n<p style=\"display: none !important;\"><label>&#916;<textarea name=\"_wpcf7_ak_hp_textarea\" cols=\"45\" rows=\"8\" maxlength=\"100\"><\/textarea><\/label><input type=\"hidden\" id=\"ak_js_1\" name=\"_wpcf7_ak_js\" value=\"137\"\/><script>document.getElementById( \"ak_js_1\" ).setAttribute( \"value\", ( new Date() ).getTime() );<\/script><\/p><div class=\"wpcf7-response-output wpcf7-display-none\"><\/div><\/form><\/div>\n\n\n\n<p class=\"has-text-color has-background has-medium-font-size has-vivid-red-color has-very-light-gray-background-color\">ESPACE BLOG<\/p>\n\n\n\n<div class=\"wp-block-media-text alignwide has-media-on-the-right has-very-light-gray-background-color\"><figure class=\"wp-block-media-text__media\"><img loading=\"lazy\" decoding=\"async\" width=\"1024\" height=\"683\" src=\"http:\/\/univoix.fr\/wp-content\/uploads\/2019\/07\/digital-marketing-1433427_1280-1024x683.jpg\" alt=\"\" class=\"wp-image-574\" srcset=\"http:\/\/univoix.fr\/wp-content\/uploads\/2019\/07\/digital-marketing-1433427_1280-1024x683.jpg 1024w, http:\/\/univoix.fr\/wp-content\/uploads\/2019\/07\/digital-marketing-1433427_1280-300x200.jpg 300w, http:\/\/univoix.fr\/wp-content\/uploads\/2019\/07\/digital-marketing-1433427_1280-768x512.jpg 768w, http:\/\/univoix.fr\/wp-content\/uploads\/2019\/07\/digital-marketing-1433427_1280-1140x760.jpg 1140w, http:\/\/univoix.fr\/wp-content\/uploads\/2019\/07\/digital-marketing-1433427_1280-570x380.jpg 570w, http:\/\/univoix.fr\/wp-content\/uploads\/2019\/07\/digital-marketing-1433427_1280-380x254.jpg 380w, http:\/\/univoix.fr\/wp-content\/uploads\/2019\/07\/digital-marketing-1433427_1280-285x190.jpg 285w, http:\/\/univoix.fr\/wp-content\/uploads\/2019\/07\/digital-marketing-1433427_1280-272x182.jpg 272w, http:\/\/univoix.fr\/wp-content\/uploads\/2019\/07\/digital-marketing-1433427_1280.jpg 1280w\" sizes=\"auto, (max-width: 1024px) 100vw, 1024px\" \/><\/figure><div class=\"wp-block-media-text__content\">\n<p class=\"has-text-color has-medium-font-size has-very-dark-gray-color\"><strong>Exister<\/strong>&nbsp;face \u00e0 l\u2019autre, c\u2019est d\u00e9j\u00e0 mettre en place des strat\u00e9gies permettant d\u2019<strong>\u00eatre vu<\/strong>,&nbsp;<strong>\u00e9cout\u00e9<\/strong>&nbsp;et&nbsp;<strong>suivi<\/strong>\u2026<\/p>\n<\/div><\/div>\n\n\n\n<div class=\"wp-block-button aligncenter is-style-outline is-style-outline--1\"><a class=\"wp-block-button__link has-text-color has-vivid-red-color has-background has-very-light-gray-background-color\" href=\"http:\/\/univoix.fr\/index.php\/category\/strategies-marketing-visibilite\/\">&#8212; Strat\u00e9gies Marketing et Visibilit\u00e9 &#8212;<\/a><\/div>\n\n\n\n<p style=\"font-size:18px\">Et il est capital dans cette &#8220;<strong>mise en lumi\u00e8re<\/strong>&#8221; de projeter une <strong>image cr\u00e9dible<\/strong> . Des carri\u00e8res ont \u00e9t\u00e9 an\u00e9anties \u00e0 la suite d&#8217;un &#8220;bad buzz&#8221; et <strong>savoir se vendre <\/strong>et se pr\u00e9senter au monde est aujourd&#8217;hui une v\u00e9ritable <strong>comp\u00e9tence<\/strong>. <\/p>\n\n\n\n<hr class=\"wp-block-separator\"\/>\n\n\n\n<div class=\"wp-block-media-text alignwide has-very-light-gray-background-color\"><figure class=\"wp-block-media-text__media\"><img loading=\"lazy\" decoding=\"async\" width=\"1024\" height=\"682\" src=\"http:\/\/univoix.fr\/wp-content\/uploads\/2019\/07\/adult-1869430_1280-1024x682.jpg\" alt=\"\" class=\"wp-image-551\" srcset=\"http:\/\/univoix.fr\/wp-content\/uploads\/2019\/07\/adult-1869430_1280-1024x682.jpg 1024w, http:\/\/univoix.fr\/wp-content\/uploads\/2019\/07\/adult-1869430_1280-300x200.jpg 300w, http:\/\/univoix.fr\/wp-content\/uploads\/2019\/07\/adult-1869430_1280-768x512.jpg 768w, http:\/\/univoix.fr\/wp-content\/uploads\/2019\/07\/adult-1869430_1280-1140x760.jpg 1140w, http:\/\/univoix.fr\/wp-content\/uploads\/2019\/07\/adult-1869430_1280-570x380.jpg 570w, http:\/\/univoix.fr\/wp-content\/uploads\/2019\/07\/adult-1869430_1280-380x254.jpg 380w, http:\/\/univoix.fr\/wp-content\/uploads\/2019\/07\/adult-1869430_1280-285x190.jpg 285w, http:\/\/univoix.fr\/wp-content\/uploads\/2019\/07\/adult-1869430_1280-272x182.jpg 272w, http:\/\/univoix.fr\/wp-content\/uploads\/2019\/07\/adult-1869430_1280.jpg 1280w\" sizes=\"auto, (max-width: 1024px) 100vw, 1024px\" \/><\/figure><div class=\"wp-block-media-text__content\">\n<p class=\"has-text-color has-medium-font-size has-very-dark-gray-color\"><em>\u00catre et <\/em><strong><em>para\u00eetre<\/em><\/strong><em>, telle est la question&#8230; <\/em>Aujourd&#8217;hui il devient indispensable de savoir <strong>mettre ses comp\u00e9tences en lumi\u00e8re<\/strong> et se <strong>pr\u00e9senter<\/strong>. Cette image que vous donnez \u00e0 voir est capitale dans l&#8217;<strong>impact<\/strong> de votre d\u00e9veloppement&#8230;<\/p>\n<\/div><\/div>\n\n\n\n<div class=\"wp-block-button aligncenter is-style-outline is-style-outline--2\"><a class=\"wp-block-button__link has-text-color has-vivid-red-color has-background has-very-light-gray-background-color\" href=\"http:\/\/univoix.fr\/index.phhttp:\/\/univoix.fr\/index.php\/category\/image-de-soi-et-rayonnement\/\">  &#8212;   Image de Soi et Rayonnement   &#8212;     <\/a><\/div>\n\n\n\n<p style=\"font-size:17px\"><em>Notre s\u00e9lection d\u2019articles :&nbsp;<br>*&nbsp; <a rel=\"noreferrer noopener\" aria-label=\"Voix grave ou aigue, pour quel impact ? (s\u2019ouvre dans un nouvel onglet)\" href=\"http:\/\/univoix.fr\/index.php\/2012\/09\/20\/alors-dave-ou-barry-white\/\" target=\"_blank\">Voix grave ou aigue, pour quel impact ?<\/a><br>* <a rel=\"noreferrer noopener\" aria-label=\"Voix et image : le pouvoir de votre voix (s\u2019ouvre dans un nouvel onglet)\" href=\"http:\/\/univoix.fr\/index.php\/2012\/08\/12\/comment-travailler-votre-voix-afin-de-revolutionner-vos-relations-aux-autres\/\" target=\"_blank\">Voix et image : le pouvoir de votre voix<\/a><br>*<\/em> <em><a href=\"http:\/\/univoix.fr\/index.php\/2012\/04\/10\/dans-quelle-mesure-votre-voix-communique-et-que-dit-elle-de-vous\/\" target=\"_blank\" rel=\"noreferrer noopener\" aria-label=\"Dans quelle mesure votre voix communique et que dit-elle de vous ? (s\u2019ouvre dans un nouvel onglet)\">Dans quelle mesure votre voix communique et que dit-elle de vous ?<\/a><\/em><\/p>\n\n\n\n<hr class=\"wp-block-separator\"\/>\n\n\n\n<div class=\"wp-block-media-text alignwide has-very-light-gray-background-color\"><figure class=\"wp-block-media-text__media\"><img loading=\"lazy\" decoding=\"async\" width=\"1024\" height=\"715\" src=\"http:\/\/univoix.fr\/wp-content\/uploads\/2019\/07\/achievement-3468104_1280-1024x715.jpg\" alt=\"\" class=\"wp-image-591\" srcset=\"http:\/\/univoix.fr\/wp-content\/uploads\/2019\/07\/achievement-3468104_1280-1024x715.jpg 1024w, http:\/\/univoix.fr\/wp-content\/uploads\/2019\/07\/achievement-3468104_1280-300x210.jpg 300w, http:\/\/univoix.fr\/wp-content\/uploads\/2019\/07\/achievement-3468104_1280-768x536.jpg 768w, http:\/\/univoix.fr\/wp-content\/uploads\/2019\/07\/achievement-3468104_1280.jpg 1280w\" sizes=\"auto, (max-width: 1024px) 100vw, 1024px\" \/><\/figure><div class=\"wp-block-media-text__content\">\n<p class=\"has-text-color has-medium-font-size has-very-dark-gray-color\">D\u00e9velopper sa <strong>force int\u00e9rieure<\/strong>, et une \u00e9nergie \u00e0 m\u00eame de nous aider \u00e0 <strong>d\u00e9passer<\/strong> nos objectifs&#8230; Car c&#8217;est cette <strong>dynamique interne <\/strong>qui conduit chacun \u00e0 rayonner. <\/p>\n<\/div><\/div>\n\n\n\n<p style=\"font-size:18px\">Cultiver une <strong>identit\u00e9 forte<\/strong> c&#8217;est ainsi pouvoir \u00eatre \u00e0 m\u00eame de se <strong>d\u00e9velopper<\/strong> en tant qu&#8217;entreprise ou en tant qu&#8217;individu propre, <strong>sp\u00e9cifique<\/strong>, remarquable et riche. Et c&#8217;est aussi, parall\u00e8lement, \u00eatre \u00e0 m\u00eame de <strong>communiquer efficacement <\/strong>afin de prendre sa place et exister aux yeux du monde. <\/p>\n\n\n\n<p style=\"text-align:center\" class=\"has-background has-medium-font-size has-very-light-gray-background-color\">Plus d&#8217;articles sur ces th\u00e9matiques ? C&#8217;est par ici : <br><a rel=\"noreferrer noopener\" aria-label=\"COMMUNICATION (s\u2019ouvre dans un nouvel onglet)\" href=\"http:\/\/univoix.fr\/index.php\/communication\/\" target=\"_blank\">COMMUNICATION<\/a><br><a href=\"http:\/\/univoix.fr\/index.php\/developpement-2\/\" target=\"_blank\" rel=\"noreferrer noopener\" aria-label=\"D\u00c9VELOPPEMENT (s\u2019ouvre dans un nouvel onglet)\">D\u00c9VELOPPEMENT<\/a><\/p>\n\n\n\n<hr class=\"wp-block-separator\"\/>\n","protected":false},"excerpt":{"rendered":"<p>&#8220;Prendre place dans ce monde tout en restant soi-m\u00eame : une entit\u00e9 unique et cr\u00e9ative &#8230;&#8220; Comment \u00e9voluer et exister dans ce monde hyper connect\u00e9, en mouvement perp\u00e9tuel, rempli de sollicitations et d&#8217;informations de toutes sortes dans lequel il est facile de perdre de vue son identit\u00e9 ? Lorsque la force na\u00eet de l&#8217;asp\u00e9rit\u00e9&#8230; Oser<\/p>\n<p><a href=\"http:\/\/univoix.fr\/index.php\/identite\/\" class=\"more-link themebutton\">Read More<\/a><\/p>\n","protected":false},"author":1,"featured_media":0,"parent":0,"menu_order":0,"comment_status":"closed","ping_status":"closed","template":"","meta":{"footnotes":""},"class_list":["post-464","page","type-page","status-publish","hentry"],"_links":{"self":[{"href":"http:\/\/univoix.fr\/index.php\/wp-json\/wp\/v2\/pages\/464","targetHints":{"allow":["GET"]}}],"collection":[{"href":"http:\/\/univoix.fr\/index.php\/wp-json\/wp\/v2\/pages"}],"about":[{"href":"http:\/\/univoix.fr\/index.php\/wp-json\/wp\/v2\/types\/page"}],"author":[{"embeddable":true,"href":"http:\/\/univoix.fr\/index.php\/wp-json\/wp\/v2\/users\/1"}],"replies":[{"embeddable":true,"href":"http:\/\/univoix.fr\/index.php\/wp-json\/wp\/v2\/comments?post=464"}],"version-history":[{"count":35,"href":"http:\/\/univoix.fr\/index.php\/wp-json\/wp\/v2\/pages\/464\/revisions"}],"predecessor-version":[{"id":1126,"href":"http:\/\/univoix.fr\/index.php\/wp-json\/wp\/v2\/pages\/464\/revisions\/1126"}],"wp:attachment":[{"href":"http:\/\/univoix.fr\/index.php\/wp-json\/wp\/v2\/media?parent=464"}],"curies":[{"name":"wp","href":"https:\/\/api.w.org\/{rel}","templated":true}]}}