{"id":917,"date":"2019-09-26T20:10:36","date_gmt":"2019-09-26T18:10:36","guid":{"rendered":"http:\/\/univoix.fr\/?page_id=917"},"modified":"2021-03-24T15:35:12","modified_gmt":"2021-03-24T14:35:12","slug":"ateliers-et-formations","status":"publish","type":"page","link":"http:\/\/univoix.fr\/index.php\/ateliers-et-formations\/","title":{"rendered":"Prendre la parole : Ateliers et Formations"},"content":{"rendered":"\n<p class=\"has-text-color has-medium-font-size has-vivid-red-color\"><em>Des formations adapt\u00e9es&#8230;<\/em><\/p>\n\n\n\n<div class=\"wp-block-media-text alignwide has-media-on-the-right has-background has-very-light-gray-background-color is-stacked-on-mobile\" style=\"grid-template-columns:auto 22%\"><figure class=\"wp-block-media-text__media\"><img loading=\"lazy\" decoding=\"async\" width=\"720\" height=\"960\" src=\"http:\/\/univoix.fr\/wp-content\/uploads\/2020\/05\/Resized_20200428_163437-1.jpg\" alt=\"\" class=\"wp-image-1248\" srcset=\"http:\/\/univoix.fr\/wp-content\/uploads\/2020\/05\/Resized_20200428_163437-1.jpg 720w, http:\/\/univoix.fr\/wp-content\/uploads\/2020\/05\/Resized_20200428_163437-1-225x300.jpg 225w\" sizes=\"auto, (max-width: 720px) 100vw, 720px\" \/><\/figure><div class=\"wp-block-media-text__content\">\n<p style=\"color:#f21d1d;font-size:27px\" class=\"has-text-color\"><em><strong>Des formations adapt\u00e9es<\/strong> :<\/em> <br>&#8211; Prise de parole en public<br>&#8211; Pr\u00e9paration \u00e0 une \u00e9preuve orale<br>&#8211; D\u00e9veloppement des techniques d&#8217;autorit\u00e9 et de leadership adapt\u00e9es aux enseignants et formateurs<br>&#8211; Gestion du stress et expression de Soi<\/p>\n<\/div><\/div>\n\n\n\n<p style=\"color:#ffffff\" class=\"has-text-color has-background has-text-align-center has-medium-font-size has-vivid-red-background-color\"><em>Les neurosciences au service de votre communication<\/em> : techniques verbales, corporelles et vocales d&#8217;influence<\/p>\n\n\n\n<hr class=\"wp-block-separator\"\/>\n\n\n\n<p style=\"color:#f4060a\" class=\"has-text-color has-background has-text-align-center has-large-font-size has-very-light-gray-background-color\"><strong>W E B   &#8211;   L E A R N I N G<\/strong><\/p>\n\n\n\n<div class=\"wp-block-media-text alignwide has-background\" style=\"background-color:#595b5d\"><figure class=\"wp-block-media-text__media\"><img loading=\"lazy\" decoding=\"async\" width=\"1024\" height=\"682\" src=\"http:\/\/univoix.fr\/wp-content\/uploads\/2019\/07\/bed-1979270_1280-1024x682.jpg\" alt=\"\" class=\"wp-image-893\" srcset=\"http:\/\/univoix.fr\/wp-content\/uploads\/2019\/07\/bed-1979270_1280-1024x682.jpg 1024w, http:\/\/univoix.fr\/wp-content\/uploads\/2019\/07\/bed-1979270_1280-300x200.jpg 300w, http:\/\/univoix.fr\/wp-content\/uploads\/2019\/07\/bed-1979270_1280-768x512.jpg 768w, http:\/\/univoix.fr\/wp-content\/uploads\/2019\/07\/bed-1979270_1280-1140x760.jpg 1140w, http:\/\/univoix.fr\/wp-content\/uploads\/2019\/07\/bed-1979270_1280-570x380.jpg 570w, http:\/\/univoix.fr\/wp-content\/uploads\/2019\/07\/bed-1979270_1280-380x254.jpg 380w, http:\/\/univoix.fr\/wp-content\/uploads\/2019\/07\/bed-1979270_1280-285x190.jpg 285w, http:\/\/univoix.fr\/wp-content\/uploads\/2019\/07\/bed-1979270_1280-272x182.jpg 272w, http:\/\/univoix.fr\/wp-content\/uploads\/2019\/07\/bed-1979270_1280.jpg 1280w\" sizes=\"auto, (max-width: 1024px) 100vw, 1024px\" \/><\/figure><div class=\"wp-block-media-text__content\">\n<p style=\"color:#ffffff;font-size:27px\" class=\"has-text-color has-text-align-center\"><strong>Formez-vous<\/strong> jour apr\u00e8s jour, de <strong>chez vous<\/strong> et <strong>\u00e0 votre rythme<\/strong>, avec une coach sp\u00e9cialis\u00e9e !<\/p>\n<\/div><\/div>\n\n\n\n<figure class=\"wp-block-image size-large\"><img loading=\"lazy\" decoding=\"async\" width=\"1024\" height=\"254\" src=\"http:\/\/univoix.fr\/wp-content\/uploads\/2021\/03\/Capture-d\u2019\u00e9cran-2021-03-23-\u00e0-18.31.55-1024x254.png\" alt=\"\" class=\"wp-image-1457\" srcset=\"http:\/\/univoix.fr\/wp-content\/uploads\/2021\/03\/Capture-d\u2019\u00e9cran-2021-03-23-\u00e0-18.31.55-1024x254.png 1024w, http:\/\/univoix.fr\/wp-content\/uploads\/2021\/03\/Capture-d\u2019\u00e9cran-2021-03-23-\u00e0-18.31.55-300x75.png 300w, http:\/\/univoix.fr\/wp-content\/uploads\/2021\/03\/Capture-d\u2019\u00e9cran-2021-03-23-\u00e0-18.31.55-768x191.png 768w, http:\/\/univoix.fr\/wp-content\/uploads\/2021\/03\/Capture-d\u2019\u00e9cran-2021-03-23-\u00e0-18.31.55.png 1493w\" sizes=\"auto, (max-width: 1024px) 100vw, 1024px\" \/><\/figure>\n\n\n\n<p style=\"color:#f42020;font-size:23px\" class=\"has-text-color has-text-align-center\"><strong>PROGRAMMES EN LIGNE<\/strong><\/p>\n\n\n\n<p style=\"font-size:19px\" class=\"has-text-align-center\"><em>Cours en ligne sur la plateforme Udemy<\/em><\/p>\n\n\n\n<div class=\"wp-block-media-text alignwide has-media-on-the-right has-background has-very-light-gray-background-color is-stacked-on-mobile\" style=\"grid-template-columns:auto 39%\"><figure class=\"wp-block-media-text__media\"><img loading=\"lazy\" decoding=\"async\" width=\"640\" height=\"426\" src=\"http:\/\/univoix.fr\/wp-content\/uploads\/2021\/03\/girl-3718526_640.jpg\" alt=\"\" class=\"wp-image-1471\" srcset=\"http:\/\/univoix.fr\/wp-content\/uploads\/2021\/03\/girl-3718526_640.jpg 640w, http:\/\/univoix.fr\/wp-content\/uploads\/2021\/03\/girl-3718526_640-300x200.jpg 300w, http:\/\/univoix.fr\/wp-content\/uploads\/2021\/03\/girl-3718526_640-570x380.jpg 570w, http:\/\/univoix.fr\/wp-content\/uploads\/2021\/03\/girl-3718526_640-380x254.jpg 380w, http:\/\/univoix.fr\/wp-content\/uploads\/2021\/03\/girl-3718526_640-285x190.jpg 285w, http:\/\/univoix.fr\/wp-content\/uploads\/2021\/03\/girl-3718526_640-272x182.jpg 272w\" sizes=\"auto, (max-width: 640px) 100vw, 640px\" \/><\/figure><div class=\"wp-block-media-text__content\">\n<p style=\"color:#f01515\" class=\"has-text-color has-text-align-center has-large-font-size\">R\u00e9ussir son \u00e9preuve orale<\/p>\n\n\n\n<div class=\"wp-block-buttons aligncenter is-layout-flex wp-block-buttons-is-layout-flex\">\n<div class=\"wp-block-button\"><a class=\"wp-block-button__link has-background\" style=\"background-color:#ec1616\">Je d\u00e9couvre la formation<\/a><\/div>\n<\/div>\n<\/div><\/div>\n\n\n\n<div style=\"height:27px\" aria-hidden=\"true\" class=\"wp-block-spacer\"><\/div>\n\n\n\n<div class=\"wp-block-media-text alignwide has-media-on-the-right has-background has-very-light-gray-background-color is-stacked-on-mobile\" style=\"grid-template-columns:auto 39%\"><figure class=\"wp-block-media-text__media\"><img loading=\"lazy\" decoding=\"async\" width=\"640\" height=\"426\" src=\"http:\/\/univoix.fr\/wp-content\/uploads\/2021\/03\/micro-3430369_640.jpg\" alt=\"\" class=\"wp-image-1473\" srcset=\"http:\/\/univoix.fr\/wp-content\/uploads\/2021\/03\/micro-3430369_640.jpg 640w, http:\/\/univoix.fr\/wp-content\/uploads\/2021\/03\/micro-3430369_640-300x200.jpg 300w, http:\/\/univoix.fr\/wp-content\/uploads\/2021\/03\/micro-3430369_640-570x380.jpg 570w, http:\/\/univoix.fr\/wp-content\/uploads\/2021\/03\/micro-3430369_640-380x254.jpg 380w, http:\/\/univoix.fr\/wp-content\/uploads\/2021\/03\/micro-3430369_640-285x190.jpg 285w, http:\/\/univoix.fr\/wp-content\/uploads\/2021\/03\/micro-3430369_640-272x182.jpg 272w\" sizes=\"auto, (max-width: 640px) 100vw, 640px\" \/><\/figure><div class=\"wp-block-media-text__content\">\n<p style=\"color:#f41515\" class=\"has-text-color has-text-align-center has-large-font-size\">Prise de parole en public : capter l&#8217;attention et int\u00e9resser<\/p>\n\n\n\n<div class=\"wp-block-buttons aligncenter is-layout-flex wp-block-buttons-is-layout-flex\">\n<div class=\"wp-block-button\"><a class=\"wp-block-button__link has-background\" style=\"background-color:#f91f1f\">Je d\u00e9couvre la formation<\/a><\/div>\n<\/div>\n<\/div><\/div>\n\n\n\n<div class=\"wp-block-buttons aligncenter is-layout-flex wp-block-buttons-is-layout-flex\"><\/div>\n\n\n\n<hr class=\"wp-block-separator\"\/>\n\n\n\n<div class=\"wp-block-media-text alignwide has-background\" style=\"background-color:#f2faff\"><figure class=\"wp-block-media-text__media\"><img loading=\"lazy\" decoding=\"async\" width=\"640\" height=\"421\" src=\"http:\/\/univoix.fr\/wp-content\/uploads\/2021\/03\/student-2052868_640.jpg\" alt=\"\" class=\"wp-image-1454\" srcset=\"http:\/\/univoix.fr\/wp-content\/uploads\/2021\/03\/student-2052868_640.jpg 640w, http:\/\/univoix.fr\/wp-content\/uploads\/2021\/03\/student-2052868_640-300x197.jpg 300w\" sizes=\"auto, (max-width: 640px) 100vw, 640px\" \/><\/figure><div class=\"wp-block-media-text__content\">\n<p style=\"background-color:#f5fbff;color:#f50f0f\" class=\"has-text-color has-background has-text-align-center has-large-font-size\"><strong>ENSEIGNANTS<br>FORMATEURS<\/strong><\/p>\n<\/div><\/div>\n\n\n\n<div style=\"height:20px\" aria-hidden=\"true\" class=\"wp-block-spacer\"><\/div>\n\n\n\n<p style=\"background-color:#f5faff;color:#ff1818\" class=\"has-text-color has-background has-text-align-center has-large-font-size\"><strong>&#8212; WEB-ATELIERS \u00e0 destination des ENSEIGNANTS et FORMATEURS &#8212;<\/strong><\/p>\n\n\n\n<div class=\"wp-block-media-text alignwide has-background is-stacked-on-mobile\" style=\"background-color:#f4fbff;grid-template-columns:27% auto\"><figure class=\"wp-block-media-text__media\"><img loading=\"lazy\" decoding=\"async\" width=\"640\" height=\"513\" src=\"http:\/\/univoix.fr\/wp-content\/uploads\/2021\/03\/pixel-cells-3976296_640.png\" alt=\"\" class=\"wp-image-1434\" srcset=\"http:\/\/univoix.fr\/wp-content\/uploads\/2021\/03\/pixel-cells-3976296_640.png 640w, http:\/\/univoix.fr\/wp-content\/uploads\/2021\/03\/pixel-cells-3976296_640-300x240.png 300w\" sizes=\"auto, (max-width: 640px) 100vw, 640px\" \/><\/figure><div class=\"wp-block-media-text__content\">\n<p style=\"font-size:21px\"><em>Th\u00e9matiques des ateliers en ligne<\/em> :<\/p>\n\n\n\n<p style=\"color:#ff1919;font-size:24px\" class=\"has-text-color\">-&gt; Autorit\u00e9 : se faire entendre et respecter<br>-&gt; Capter l&#8217;attention et int\u00e9resser sa classe<br>-&gt; Techniques verbales, corporelles et vocales pour favoriser les apprentissages<\/p>\n<\/div><\/div>\n\n\n\n<p style=\"color:#f41515;font-size:22px\" class=\"has-text-color has-text-align-center\"><strong>CONF\u00c9RENCES ET INTERVENTIONS <\/strong><\/p>\n\n\n\n<div class=\"wp-block-media-text alignwide has-media-on-the-right has-background is-stacked-on-mobile\" style=\"background-color:#f4fbff;grid-template-columns:auto 43%\"><figure class=\"wp-block-media-text__media\"><img loading=\"lazy\" decoding=\"async\" width=\"1024\" height=\"622\" src=\"http:\/\/univoix.fr\/wp-content\/uploads\/2021\/03\/Capture-d\u2019\u00e9cran-2021-03-23-\u00e0-18.43.19-1024x622.png\" alt=\"\" class=\"wp-image-1461\" srcset=\"http:\/\/univoix.fr\/wp-content\/uploads\/2021\/03\/Capture-d\u2019\u00e9cran-2021-03-23-\u00e0-18.43.19-1024x622.png 1024w, http:\/\/univoix.fr\/wp-content\/uploads\/2021\/03\/Capture-d\u2019\u00e9cran-2021-03-23-\u00e0-18.43.19-300x182.png 300w, http:\/\/univoix.fr\/wp-content\/uploads\/2021\/03\/Capture-d\u2019\u00e9cran-2021-03-23-\u00e0-18.43.19-768x466.png 768w, http:\/\/univoix.fr\/wp-content\/uploads\/2021\/03\/Capture-d\u2019\u00e9cran-2021-03-23-\u00e0-18.43.19.png 1535w\" sizes=\"auto, (max-width: 1024px) 100vw, 1024px\" \/><\/figure><div class=\"wp-block-media-text__content\">\n<p class=\"has-medium-font-size\"><em>La conf\u00e9rence issue du livre<\/em><\/p>\n\n\n\n<p style=\"color:#f01c1c;font-size:31px\" class=\"has-text-color\">Assumer son autorit\u00e9 et motiver sa classe : techniques verbales, corporelles et vocales&#8230;<\/p>\n<\/div><\/div>\n\n\n\n<hr class=\"wp-block-separator\"\/>\n\n\n\n<div class=\"wp-block-media-text alignwide has-background is-stacked-on-mobile\" style=\"background-color:#f1f8ff;grid-template-columns:40% auto\"><figure class=\"wp-block-media-text__media\"><img loading=\"lazy\" decoding=\"async\" width=\"1024\" height=\"694\" src=\"http:\/\/univoix.fr\/wp-content\/uploads\/2021\/03\/Capture-d\u2019\u00e9cran-2021-03-24-\u00e0-14.59.40-2-1024x694.png\" alt=\"\" class=\"wp-image-1487\" srcset=\"http:\/\/univoix.fr\/wp-content\/uploads\/2021\/03\/Capture-d\u2019\u00e9cran-2021-03-24-\u00e0-14.59.40-2-1024x694.png 1024w, http:\/\/univoix.fr\/wp-content\/uploads\/2021\/03\/Capture-d\u2019\u00e9cran-2021-03-24-\u00e0-14.59.40-2-300x203.png 300w, http:\/\/univoix.fr\/wp-content\/uploads\/2021\/03\/Capture-d\u2019\u00e9cran-2021-03-24-\u00e0-14.59.40-2-768x521.png 768w, http:\/\/univoix.fr\/wp-content\/uploads\/2021\/03\/Capture-d\u2019\u00e9cran-2021-03-24-\u00e0-14.59.40-2-1536x1042.png 1536w, http:\/\/univoix.fr\/wp-content\/uploads\/2021\/03\/Capture-d\u2019\u00e9cran-2021-03-24-\u00e0-14.59.40-2.png 1905w\" sizes=\"auto, (max-width: 1024px) 100vw, 1024px\" \/><\/figure><div class=\"wp-block-media-text__content\">\n<p class=\"has-text-align-center has-medium-font-size\"><em>La conf\u00e9rence issue des livres..<\/em>.<\/p>\n\n\n\n<p style=\"color:#f22626;font-size:31px\" class=\"has-text-color has-text-align-center\">Se former pour mieux former <br>\u00e0 la prise de parole<\/p>\n<\/div><\/div>\n\n\n\n<hr class=\"wp-block-separator\"\/>\n\n\n\n<div class=\"wp-block-buttons aligncenter is-layout-flex wp-block-buttons-is-layout-flex\">\n<div class=\"wp-block-button\"><a class=\"wp-block-button__link has-background has-vivid-red-background-color\" href=\"http:\/\/univoix.fr\/index.php\/contact\/\">Organiser un atelier ou une conf\u00e9rence<\/a><\/div>\n<\/div>\n\n\n\n<hr class=\"wp-block-separator\"\/>\n\n\n\n<div class=\"wp-block-media-text alignwide has-media-on-the-right has-background has-very-light-gray-background-color\"><figure class=\"wp-block-media-text__media\"><img loading=\"lazy\" decoding=\"async\" width=\"1024\" height=\"309\" src=\"http:\/\/univoix.fr\/wp-content\/uploads\/2019\/09\/Capture-d\u2019\u00e9cran-2019-09-23-\u00e0-22.23.58-1024x309.png\" alt=\"\" class=\"wp-image-1008\" srcset=\"http:\/\/univoix.fr\/wp-content\/uploads\/2019\/09\/Capture-d\u2019\u00e9cran-2019-09-23-\u00e0-22.23.58-1024x309.png 1024w, http:\/\/univoix.fr\/wp-content\/uploads\/2019\/09\/Capture-d\u2019\u00e9cran-2019-09-23-\u00e0-22.23.58-300x91.png 300w, http:\/\/univoix.fr\/wp-content\/uploads\/2019\/09\/Capture-d\u2019\u00e9cran-2019-09-23-\u00e0-22.23.58-768x232.png 768w\" sizes=\"auto, (max-width: 1024px) 100vw, 1024px\" \/><\/figure><div class=\"wp-block-media-text__content\">\n<p class=\"has-text-color has-text-align-center has-large-font-size has-vivid-red-color\">Expression de Soi<\/p>\n<\/div><\/div>\n\n\n\n<hr class=\"wp-block-separator\"\/>\n\n\n\n<figure class=\"wp-block-image\"><img loading=\"lazy\" decoding=\"async\" width=\"1024\" height=\"372\" src=\"http:\/\/univoix.fr\/wp-content\/uploads\/2019\/10\/Capture-d\u2019\u00e9cran-2019-10-04-\u00e0-11.24.33-1024x372.png\" alt=\"\" class=\"wp-image-1014\" srcset=\"http:\/\/univoix.fr\/wp-content\/uploads\/2019\/10\/Capture-d\u2019\u00e9cran-2019-10-04-\u00e0-11.24.33-1024x372.png 1024w, http:\/\/univoix.fr\/wp-content\/uploads\/2019\/10\/Capture-d\u2019\u00e9cran-2019-10-04-\u00e0-11.24.33-300x109.png 300w, http:\/\/univoix.fr\/wp-content\/uploads\/2019\/10\/Capture-d\u2019\u00e9cran-2019-10-04-\u00e0-11.24.33-768x279.png 768w, http:\/\/univoix.fr\/wp-content\/uploads\/2019\/10\/Capture-d\u2019\u00e9cran-2019-10-04-\u00e0-11.24.33.png 1491w\" sizes=\"auto, (max-width: 1024px) 100vw, 1024px\" \/><\/figure>\n\n\n\n<hr class=\"wp-block-separator\"\/>\n\n\n\n<div class=\"wp-block-media-text alignwide has-media-on-the-right has-background has-vivid-red-background-color\" style=\"grid-template-columns:auto 30%\"><figure class=\"wp-block-media-text__media\"><img loading=\"lazy\" decoding=\"async\" width=\"891\" height=\"1024\" src=\"http:\/\/univoix.fr\/wp-content\/uploads\/2019\/11\/Capture-d\u2019\u00e9cran-2019-11-17-\u00e0-11.42.45-891x1024.png\" alt=\"\" class=\"wp-image-1090\" srcset=\"http:\/\/univoix.fr\/wp-content\/uploads\/2019\/11\/Capture-d\u2019\u00e9cran-2019-11-17-\u00e0-11.42.45-891x1024.png 891w, http:\/\/univoix.fr\/wp-content\/uploads\/2019\/11\/Capture-d\u2019\u00e9cran-2019-11-17-\u00e0-11.42.45-261x300.png 261w, http:\/\/univoix.fr\/wp-content\/uploads\/2019\/11\/Capture-d\u2019\u00e9cran-2019-11-17-\u00e0-11.42.45-768x883.png 768w, http:\/\/univoix.fr\/wp-content\/uploads\/2019\/11\/Capture-d\u2019\u00e9cran-2019-11-17-\u00e0-11.42.45.png 950w\" sizes=\"auto, (max-width: 891px) 100vw, 891px\" \/><\/figure><div class=\"wp-block-media-text__content\">\n<p style=\"color:#ffffff;font-size:22px\" class=\"has-text-color has-text-align-left\"><em>La Psycorpophonie Relationnelle est une&nbsp;<\/em><strong><em>approche globale&nbsp;<\/em><\/strong><em>et innovante qui&nbsp;combine de nombreuses disciplines&nbsp;telles que le <\/em><strong><em>chant<\/em><\/strong><em>, la <\/em><strong><em>sophrologie<\/em><\/strong><em>, les <\/em><strong><em>arts martiaux<\/em><\/strong><em>, la <\/em><strong><em>psychologie<\/em><\/strong><em>, le <\/em><strong><em>yoga,<\/em><\/strong><em> l\u2019<\/em><strong><em>art oratoire<\/em><\/strong><em>, la <\/em><strong><em>musicoth\u00e9rapie<\/em><\/strong><em>, la <\/em><strong><em>kin\u00e9siologie<\/em><\/strong><em> ou encore les <\/em><strong><em>neurosciences.<\/em><\/strong><em> Et ce, dans un but unique : d\u00e9velopper l\u2019<\/em><strong><em>expression de soi <\/em><\/strong><em>dans le cadre des relations.&nbsp;<\/em><\/p>\n<\/div><\/div>\n\n\n\n<p class=\"has-text-color has-background has-medium-font-size has-vivid-red-color has-very-light-gray-background-color\"><strong>En savoir plus ?<\/strong><\/p>\n\n\n\n<div class=\"wp-block-media-text alignwide has-media-on-the-right has-background has-very-light-gray-background-color\"><figure class=\"wp-block-media-text__media\"><img loading=\"lazy\" decoding=\"async\" width=\"1024\" height=\"520\" src=\"http:\/\/univoix.fr\/wp-content\/uploads\/2019\/07\/cell-3089947_1280-1024x520.jpg\" alt=\"\" class=\"wp-image-891\" srcset=\"http:\/\/univoix.fr\/wp-content\/uploads\/2019\/07\/cell-3089947_1280-1024x520.jpg 1024w, http:\/\/univoix.fr\/wp-content\/uploads\/2019\/07\/cell-3089947_1280-300x152.jpg 300w, http:\/\/univoix.fr\/wp-content\/uploads\/2019\/07\/cell-3089947_1280-768x390.jpg 768w, http:\/\/univoix.fr\/wp-content\/uploads\/2019\/07\/cell-3089947_1280.jpg 1280w\" sizes=\"auto, (max-width: 1024px) 100vw, 1024px\" \/><\/figure><div class=\"wp-block-media-text__content\">\n<p style=\"font-size:32px\" class=\"has-text-color has-text-align-center has-vivid-red-color\"><a href=\"http:\/\/psycorpophonie-relationnelle.fr\">D\u00e9couvrez ici le blog d\u00e9di\u00e9 \u00e0 la <\/a><strong><a href=\"http:\/\/psycorpophonie-relationnelle.fr\">Psycorpophonie Relationnelle<\/a><\/strong><\/p>\n<\/div><\/div>\n\n\n\n<hr class=\"wp-block-separator\"\/>\n\n\n\n<div class=\"wp-block-media-text alignwide\"><figure class=\"wp-block-media-text__media\"><img loading=\"lazy\" decoding=\"async\" width=\"1024\" height=\"682\" src=\"http:\/\/univoix.fr\/wp-content\/uploads\/2019\/09\/workspace-766045_1280-1024x682.jpg\" alt=\"\" class=\"wp-image-950\" srcset=\"http:\/\/univoix.fr\/wp-content\/uploads\/2019\/09\/workspace-766045_1280-1024x682.jpg 1024w, http:\/\/univoix.fr\/wp-content\/uploads\/2019\/09\/workspace-766045_1280-300x200.jpg 300w, http:\/\/univoix.fr\/wp-content\/uploads\/2019\/09\/workspace-766045_1280-768x512.jpg 768w, http:\/\/univoix.fr\/wp-content\/uploads\/2019\/09\/workspace-766045_1280-1140x760.jpg 1140w, http:\/\/univoix.fr\/wp-content\/uploads\/2019\/09\/workspace-766045_1280-570x380.jpg 570w, http:\/\/univoix.fr\/wp-content\/uploads\/2019\/09\/workspace-766045_1280-380x254.jpg 380w, http:\/\/univoix.fr\/wp-content\/uploads\/2019\/09\/workspace-766045_1280-285x190.jpg 285w, http:\/\/univoix.fr\/wp-content\/uploads\/2019\/09\/workspace-766045_1280-272x182.jpg 272w, http:\/\/univoix.fr\/wp-content\/uploads\/2019\/09\/workspace-766045_1280.jpg 1280w\" sizes=\"auto, (max-width: 1024px) 100vw, 1024px\" \/><\/figure><div class=\"wp-block-media-text__content\">\n<p style=\"font-size:32px\" class=\"has-text-color has-text-align-center has-vivid-red-color\">Coaching, Consultations et Bilan Psycorpophonique<\/p>\n<\/div><\/div>\n\n\n\n<div class=\"wp-block-button aligncenter\"><a class=\"wp-block-button__link has-background has-vivid-red-background-color\" href=\"http:\/\/univoix.fr\/index.php\/bilan-psycorpophonique\/\">S&#8217;informer \/ Prendre rendez-vous<\/a><\/div>\n\n\n\n<hr class=\"wp-block-separator\"\/>\n\n\n\n<p class=\"has-text-color has-text-align-center has-large-font-size has-vivid-red-color\">S\u00c9MINAIRES MASTERCLASS ET ATELIERS<\/p>\n\n\n\n<p style=\"font-size:19px\" class=\"has-text-color has-vivid-red-color\"><em>Se Former et s&#8217;entra\u00eener dans la r\u00e9gion Montpelli\u00e9raine<\/em>&#8230;<\/p>\n\n\n\n<div class=\"wp-block-media-text alignwide has-media-on-the-right has-background has-very-light-gray-background-color\"><figure class=\"wp-block-media-text__media\"><img loading=\"lazy\" decoding=\"async\" width=\"848\" height=\"565\" src=\"http:\/\/univoix.fr\/wp-content\/uploads\/2019\/06\/0010062267R-849x565.jpg\" alt=\"\" class=\"wp-image-232\" srcset=\"http:\/\/univoix.fr\/wp-content\/uploads\/2019\/06\/0010062267R-849x565.jpg 848w, http:\/\/univoix.fr\/wp-content\/uploads\/2019\/06\/0010062267R-849x565-300x200.jpg 300w, http:\/\/univoix.fr\/wp-content\/uploads\/2019\/06\/0010062267R-849x565-768x512.jpg 768w, http:\/\/univoix.fr\/wp-content\/uploads\/2019\/06\/0010062267R-849x565-390x260.jpg 390w, http:\/\/univoix.fr\/wp-content\/uploads\/2019\/06\/0010062267R-849x565-520x346.jpg 520w, http:\/\/univoix.fr\/wp-content\/uploads\/2019\/06\/0010062267R-849x565-740x493.jpg 740w\" sizes=\"auto, (max-width: 848px) 100vw, 848px\" \/><\/figure><div class=\"wp-block-media-text__content\">\n<p style=\"font-size:27px\" class=\"has-text-color has-text-align-center has-vivid-red-color\">Des <strong>Ateliers Pratiques<\/strong> et Ludiques pour explorer et <strong>d\u00e9velopper<\/strong> votre <strong>Potentiel Expressif<\/strong><\/p>\n\n\n\n<p style=\"font-size:22px\" class=\"has-text-color has-text-align-center has-very-dark-gray-color\"><em>TECHNIQUES CORPORELLES, MENTALES ET VOCALES<\/em><\/p>\n\n\n\n<p class=\"has-text-color has-text-align-center has-medium-font-size has-vivid-red-color\">Espace Voix et Communication (\u00e0 proximit\u00e9 de Sommi\u00e8res)<\/p>\n<\/div><\/div>\n\n\n\n<hr class=\"wp-block-separator\"\/>\n\n\n\n<div class=\"wp-block-media-text alignwide has-media-on-the-right has-background has-very-light-gray-background-color\"><figure class=\"wp-block-media-text__media\"><img loading=\"lazy\" decoding=\"async\" width=\"1024\" height=\"768\" src=\"http:\/\/univoix.fr\/wp-content\/uploads\/2019\/09\/beach-1835195_1280-1024x768.jpg\" alt=\"\" class=\"wp-image-997\" srcset=\"http:\/\/univoix.fr\/wp-content\/uploads\/2019\/09\/beach-1835195_1280-1024x768.jpg 1024w, http:\/\/univoix.fr\/wp-content\/uploads\/2019\/09\/beach-1835195_1280-300x225.jpg 300w, http:\/\/univoix.fr\/wp-content\/uploads\/2019\/09\/beach-1835195_1280-768x576.jpg 768w, http:\/\/univoix.fr\/wp-content\/uploads\/2019\/09\/beach-1835195_1280.jpg 1280w\" sizes=\"auto, (max-width: 1024px) 100vw, 1024px\" \/><\/figure><div class=\"wp-block-media-text__content\">\n<p style=\"font-size:28px\" class=\"has-text-color has-text-align-center has-vivid-red-color\">Parcours Formation <br><strong>&#8220;Oser sa Voix&#8221;<\/strong><\/p>\n\n\n\n<p style=\"font-size:18px\" class=\"has-text-align-left\"><strong>Objectifs<\/strong> : <br>&#8211; Am\u00e9liorer votre posture et votre gestuelle<br>&#8211; Am\u00e9liorer votre technique vocale<br>&#8211; Am\u00e9liorer votre gestion mentale et \u00e9motionnelle<br>&#8211; D\u00e9velopper votre \u00e9nergie et votre cr\u00e9ativit\u00e9<\/p>\n\n\n\n<p style=\"font-size:15px\"><em><em>(Confiance en Soi et Affirmation de Soi)<\/em><\/em><\/p>\n<\/div><\/div>\n\n\n\n<div class=\"wp-block-button aligncenter\"><a class=\"wp-block-button__link has-text-color has-background has-vivid-red-background-color\" href=\"http:\/\/univoix.fr\/index.php\/formation-oser-sa-voix\/\" style=\"color:#fbfdfe\">Tarifs et Inscription<\/a><\/div>\n\n\n\n<hr class=\"wp-block-separator\"\/>\n\n\n\n<p><\/p>\n\n\n\n<p><\/p>\n","protected":false},"excerpt":{"rendered":"<p>Des formations adapt\u00e9es&#8230; Des formations adapt\u00e9es : &#8211; Prise de parole en public&#8211; Pr\u00e9paration \u00e0 une \u00e9preuve orale&#8211; D\u00e9veloppement des techniques d&#8217;autorit\u00e9 et de leadership adapt\u00e9es aux enseignants et formateurs&#8211; Gestion du stress et expression de Soi Les neurosciences au service de votre communication : techniques verbales, corporelles et vocales d&#8217;influence W E B &#8211;<\/p>\n<p><a href=\"http:\/\/univoix.fr\/index.php\/ateliers-et-formations\/\" class=\"more-link themebutton\">Read More<\/a><\/p>\n","protected":false},"author":1,"featured_media":0,"parent":0,"menu_order":0,"comment_status":"closed","ping_status":"closed","template":"","meta":{"footnotes":""},"class_list":["post-917","page","type-page","status-publish","hentry"],"_links":{"self":[{"href":"http:\/\/univoix.fr\/index.php\/wp-json\/wp\/v2\/pages\/917","targetHints":{"allow":["GET"]}}],"collection":[{"href":"http:\/\/univoix.fr\/index.php\/wp-json\/wp\/v2\/pages"}],"about":[{"href":"http:\/\/univoix.fr\/index.php\/wp-json\/wp\/v2\/types\/page"}],"author":[{"embeddable":true,"href":"http:\/\/univoix.fr\/index.php\/wp-json\/wp\/v2\/users\/1"}],"replies":[{"embeddable":true,"href":"http:\/\/univoix.fr\/index.php\/wp-json\/wp\/v2\/comments?post=917"}],"version-history":[{"count":120,"href":"http:\/\/univoix.fr\/index.php\/wp-json\/wp\/v2\/pages\/917\/revisions"}],"predecessor-version":[{"id":1541,"href":"http:\/\/univoix.fr\/index.php\/wp-json\/wp\/v2\/pages\/917\/revisions\/1541"}],"wp:attachment":[{"href":"http:\/\/univoix.fr\/index.php\/wp-json\/wp\/v2\/media?parent=917"}],"curies":[{"name":"wp","href":"https:\/\/api.w.org\/{rel}","templated":true}]}}