{"id":982,"date":"2019-09-27T17:16:32","date_gmt":"2019-09-27T15:16:32","guid":{"rendered":"http:\/\/univoix.fr\/?page_id=982"},"modified":"2019-12-08T12:19:49","modified_gmt":"2019-12-08T11:19:49","slug":"bilan-psycorpophonique","status":"publish","type":"page","link":"http:\/\/univoix.fr\/index.php\/bilan-psycorpophonique\/","title":{"rendered":"Bilan Psycorpophonique"},"content":{"rendered":"<p>contenu<\/p>\n<p><\/p>\n\n\n<div class=\"wp-block-media-text alignwide has-media-on-the-right has-very-light-gray-background-color\"><figure class=\"wp-block-media-text__media\"><img loading=\"lazy\" decoding=\"async\" width=\"458\" height=\"1024\" src=\"http:\/\/univoix.fr\/wp-content\/uploads\/2019\/12\/Capture-d\u2019\u00e9cran-2019-12-08-\u00e0-12.14.19-458x1024.jpg\" alt=\"Tarifs psycorpophonie relationnelle\" class=\"wp-image-1224\" srcset=\"http:\/\/univoix.fr\/wp-content\/uploads\/2019\/12\/Capture-d\u2019\u00e9cran-2019-12-08-\u00e0-12.14.19-458x1024.jpg 458w, http:\/\/univoix.fr\/wp-content\/uploads\/2019\/12\/Capture-d\u2019\u00e9cran-2019-12-08-\u00e0-12.14.19-134x300.jpg 134w, http:\/\/univoix.fr\/wp-content\/uploads\/2019\/12\/Capture-d\u2019\u00e9cran-2019-12-08-\u00e0-12.14.19.jpg 593w\" sizes=\"auto, (max-width: 458px) 100vw, 458px\" \/><\/figure><div class=\"wp-block-media-text__content\">\n<p style=\"text-align:center\" class=\"has-text-color has-large-font-size has-vivid-red-color\"><strong>Diagnostic <\/strong><br><strong>Psycorpophonique<\/strong><\/p>\n\n\n\n<p style=\"text-align:center\" class=\"has-medium-font-size\"><strong><em>&#8230;<\/em><\/strong><\/p>\n\n\n\n<p style=\"color:#7d3f20\" class=\"has-text-color has-medium-font-size\">-&gt; Diagnostic complet de la physiologie expressive <\/p>\n\n\n\n<p style=\"font-size:17px\"><em>(M\u00e9canique corporelle et vocale, Souplesse, Respiration, Noeuds et blocages, Posture et Alignement, Niveau \u00e9nerg\u00e9tique&#8230;)<\/em><\/p>\n\n\n\n<p style=\"color:#834a21\" class=\"has-text-color has-medium-font-size\">-&gt; Analyse de l&#8217;Image vocale, corporelle et gestuelle<\/p>\n\n\n\n<p style=\"font-size:17px\"><em>(Param\u00e8tres expressifs du corps et de la voix, impact de la communication, analyse du spectre \u00e9motionnel du non verbal et du para verbal, profil psycho-vocal&#8230;)<\/em><\/p>\n\n\n\n<p style=\"color:#7b4524\" class=\"has-text-color has-medium-font-size\">-&gt; Diagnostic de la communication<\/p>\n\n\n\n<p style=\"font-size:17px\"><em>(Rep\u00e9rage des blocages \u00e9motionnels et des distorsions, Posture de communication&#8230;)<\/em><\/p>\n\n\n\n<p style=\"font-size:17px\">\u00c0 l&#8217;issue du Bilan, un <strong>r\u00e9capitulatif<\/strong> des r\u00e9sultats ainsi qu&#8217;une <strong>prescription<\/strong> de pratiques et d&#8217;exercices adapt\u00e9s <strong>sont propos\u00e9s<\/strong>. <\/p>\n\n\n\n<p style=\"text-align:center\">______________________<\/p>\n\n\n\n<p style=\"color:#a31e1e;font-size:17px\" class=\"has-text-color\"><strong>Lieu :<\/strong> Combas, 30250 <em>(\u00e0 proximit\u00e9 de Sommi\u00e8res)<\/em><br><strong>Dur\u00e9e :<\/strong> Environ 1h30 (jusqu&#8217;\u00e0 2h00) selon les besoins<br><strong>Tarif :<\/strong> 87\u20ac TTC<br>Prise de <strong>Rendez-vous<\/strong> par formulaire de Contact<\/p>\n<\/div><\/div>\n\n\n\n<hr class=\"wp-block-separator\"\/>\n\n\n\n<div class=\"wp-block-button aligncenter\"><a class=\"wp-block-button__link has-background has-vivid-red-background-color\" href=\"http:\/\/univoix.fr\/index.php\/contact\/\">Prendre un rendez-vous<\/a><\/div>\n","protected":false},"excerpt":{"rendered":"<p>contenu Diagnostic Psycorpophonique &#8230; -&gt; Diagnostic complet de la physiologie expressive (M\u00e9canique corporelle et vocale, Souplesse, Respiration, Noeuds et blocages, Posture et Alignement, Niveau \u00e9nerg\u00e9tique&#8230;) -&gt; Analyse de l&#8217;Image vocale, corporelle et gestuelle (Param\u00e8tres expressifs du corps et de la voix, impact de la communication, analyse du spectre \u00e9motionnel du non verbal et du para<\/p>\n<p><a href=\"http:\/\/univoix.fr\/index.php\/bilan-psycorpophonique\/\" class=\"more-link themebutton\">Read More<\/a><\/p>\n","protected":false},"author":1,"featured_media":0,"parent":0,"menu_order":0,"comment_status":"closed","ping_status":"closed","template":"","meta":{"footnotes":""},"class_list":["post-982","page","type-page","status-publish","hentry"],"_links":{"self":[{"href":"http:\/\/univoix.fr\/index.php\/wp-json\/wp\/v2\/pages\/982","targetHints":{"allow":["GET"]}}],"collection":[{"href":"http:\/\/univoix.fr\/index.php\/wp-json\/wp\/v2\/pages"}],"about":[{"href":"http:\/\/univoix.fr\/index.php\/wp-json\/wp\/v2\/types\/page"}],"author":[{"embeddable":true,"href":"http:\/\/univoix.fr\/index.php\/wp-json\/wp\/v2\/users\/1"}],"replies":[{"embeddable":true,"href":"http:\/\/univoix.fr\/index.php\/wp-json\/wp\/v2\/comments?post=982"}],"version-history":[{"count":12,"href":"http:\/\/univoix.fr\/index.php\/wp-json\/wp\/v2\/pages\/982\/revisions"}],"predecessor-version":[{"id":1226,"href":"http:\/\/univoix.fr\/index.php\/wp-json\/wp\/v2\/pages\/982\/revisions\/1226"}],"wp:attachment":[{"href":"http:\/\/univoix.fr\/index.php\/wp-json\/wp\/v2\/media?parent=982"}],"curies":[{"name":"wp","href":"https:\/\/api.w.org\/{rel}","templated":true}]}}